{"id":27747,"date":"2026-01-29T10:09:49","date_gmt":"2026-01-29T08:09:49","guid":{"rendered":"https:\/\/apellaser.ro\/?post_type=product&#038;p=27747"},"modified":"2026-01-29T11:50:21","modified_gmt":"2026-01-29T09:50:21","slug":"qutag-senzor-de-pozitie-si-deplasare-prin-reflexie-confocala","status":"publish","type":"product","link":"https:\/\/apellaser.ro\/en\/product\/qutag-senzor-de-pozitie-si-deplasare-prin-reflexie-confocala\/","title":{"rendered":"quTAG &#8211; Senzor de pozi\u021bie \u0219i deplasare prin reflexie confocal\u0103"},"content":{"rendered":"<p data-start=\"718\" data-end=\"1122\">Senzorul <strong data-start=\"727\" data-end=\"736\">qutag<\/strong> combin\u0103 tehnologia confocal\u0103 cu o surs\u0103 de lumin\u0103 coerent\u0103 \u0219i un algoritm de procesare intern\u0103 pentru a genera m\u0103sur\u0103tori de \u00eenalt\u0103 precizie asupra pozi\u021biei \u0219i deplas\u0103rii obiectelor. Designul s\u0103u <strong data-start=\"933\" data-end=\"957\">cu referin\u021b\u0103 intern\u0103<\/strong> \u00eenseamn\u0103 c\u0103 nu este necesar\u0103 o \u021bint\u0103 reflectorizant\u0103 special\u0103 sau calibr\u0103ri complicate ale suprafe\u021bei \u2014 func\u021bioneaz\u0103 fiabil pe o varietate de materiale \u0219i texturi.<\/p>\n<p data-start=\"1124\" data-end=\"1441\">Acest sistem este ideal pentru aplica\u021bii unde pozi\u021bia\/mi\u0219carea trebuie monitorizat\u0103 cu rezolu\u021bie ridicat\u0103 \u0219i f\u0103r\u0103 compromisuri legate de finisajul sau reflectivitatea suprafe\u021bei m\u0103surate. Arhitectura modular\u0103 \u0219i interfe\u021bele standard faciliteaz\u0103 integrarea \u00een sisteme de control de proces sau echipamente de precizie.<\/p>\n","protected":false},"excerpt":{"rendered":"<p><strong data-start=\"350\" data-end=\"359\">qutag<\/strong> este un sistem avansat de m\u0103surare <strong data-start=\"395\" data-end=\"429\">confocal\u0103 cu referin\u021b\u0103 intern\u0103<\/strong>, conceput pentru monitorizarea precis\u0103 \u0219i stabil\u0103 a <strong data-start=\"482\" data-end=\"508\">pozi\u021biei \u0219i deplas\u0103rii<\/strong> f\u0103r\u0103 necesitatea unei suprafe\u021be reflectorizante dedicate. Ofer\u0103 m\u0103sur\u0103tori rapide \u0219i fiabile pentru aplica\u021bii industriale, de cercetare \u0219i integrare \u00een sisteme automatizate.<\/p>\n<p>&nbsp;<\/p>\n<h3 data-start=\"1933\" data-end=\"1957\"><strong data-start=\"1937\" data-end=\"1957\">Aplica\u021bii tipice<\/strong><\/h3>\n<ul data-start=\"1983\" data-end=\"2307\">\n<li data-start=\"1983\" data-end=\"2069\">\n<p data-start=\"1985\" data-end=\"2069\">monitorizarea pozi\u021biei \u0219i deplas\u0103rii \u00een linii de produc\u021bie \u0219i sisteme automatizate<\/p>\n<\/li>\n<li data-start=\"2070\" data-end=\"2143\">\n<p data-start=\"2072\" data-end=\"2143\">control de calitate \u0219i aliniere precis\u0103 \u00een sisteme optice \u0219i mecanice<\/p>\n<\/li>\n<li data-start=\"2144\" data-end=\"2230\">\n<p data-start=\"2146\" data-end=\"2230\">aplica\u021bii de cercetare unde suprafe\u021bele pot fi neuniforme sau dificil de reflectat<\/p>\n<\/li>\n<li data-start=\"2231\" data-end=\"2307\">\n<p data-start=\"2233\" data-end=\"2307\">sisteme de pozi\u021bionare de \u00eenalt\u0103 precizie \u00een inginerie \u0219i microtehnologie<\/p>\n<\/li>\n<\/ul>\n<p>&nbsp;<\/p>\n<p><strong>Resurse:<\/strong><br \/>\n<a href=\"https:\/\/www.qutools.com\/files\/quTAG\/qutools_quTAG_Brochure.pdf\"><button class=\"buton-resurse\">Brosura<\/button><\/a><\/p>\n","protected":false},"featured_media":27749,"template":"","meta":[],"product_brand":[3567],"product_cat":[298,253],"product_tag":[],"class_list":{"0":"post-27747","1":"product","2":"type-product","3":"status-publish","4":"has-post-thumbnail","6":"product_brand-qutools","7":"product_cat-echipamente-laborator","8":"product_cat-instrumente-analitice","10":"first","11":"instock","12":"shipping-taxable","13":"product-type-simple"},"yoast_head":"<!-- This site is optimized with the Yoast SEO plugin v27.4 - https:\/\/yoast.com\/product\/yoast-seo-wordpress\/ -->\n<title>quTAG - Senzor de pozi\u021bie \u0219i deplasare prin reflexie confocal\u0103 - APEL LASER<\/title>\n<meta name=\"description\" content=\"qutag este un sistem avansat de m\u0103surare confocal\u0103 cu referin\u021b\u0103 intern\u0103, conceput pentru monitorizarea precis\u0103 \u0219i stabil\u0103 a pozi\u021biei \u0219i deplas\u0103rii f\u0103r\u0103 necesitatea unei suprafe\u021be reflectorizante dedicate.\" \/>\n<meta name=\"robots\" content=\"index, follow, max-snippet:-1, max-image-preview:large, max-video-preview:-1\" \/>\n<link rel=\"canonical\" href=\"https:\/\/apellaser.ro\/en\/product\/qutag-senzor-de-pozitie-si-deplasare-prin-reflexie-confocala\/\" \/>\n<meta property=\"og:locale\" content=\"en_US\" \/>\n<meta property=\"og:type\" content=\"article\" \/>\n<meta property=\"og:title\" content=\"quTAG - Senzor de pozi\u021bie \u0219i deplasare prin reflexie confocal\u0103 - APEL LASER\" \/>\n<meta property=\"og:description\" content=\"qutag este un sistem avansat de m\u0103surare confocal\u0103 cu referin\u021b\u0103 intern\u0103, conceput pentru monitorizarea precis\u0103 \u0219i stabil\u0103 a pozi\u021biei \u0219i deplas\u0103rii f\u0103r\u0103 necesitatea unei suprafe\u021be reflectorizante dedicate.\" \/>\n<meta property=\"og:url\" content=\"https:\/\/apellaser.ro\/en\/product\/qutag-senzor-de-pozitie-si-deplasare-prin-reflexie-confocala\/\" \/>\n<meta property=\"og:site_name\" content=\"APEL LASER\" \/>\n<meta property=\"article:publisher\" content=\"https:\/\/www.facebook.com\/apellaser\" \/>\n<meta property=\"article:modified_time\" content=\"2026-01-29T09:50:21+00:00\" \/>\n<meta property=\"og:image\" content=\"https:\/\/apellaser.ro\/wp-content\/uploads\/2026\/01\/quTAG_900x300.jpg\" \/>\n\t<meta property=\"og:image:width\" content=\"900\" \/>\n\t<meta property=\"og:image:height\" content=\"300\" \/>\n\t<meta property=\"og:image:type\" content=\"image\/jpeg\" \/>\n<meta name=\"twitter:card\" content=\"summary_large_image\" \/>\n<meta name=\"twitter:label1\" content=\"Est. reading time\" \/>\n\t<meta name=\"twitter:data1\" content=\"1 minute\" \/>\n<script type=\"application\/ld+json\" class=\"yoast-schema-graph\">{\"@context\":\"https:\\\/\\\/schema.org\",\"@graph\":[{\"@type\":\"WebPage\",\"@id\":\"https:\\\/\\\/apellaser.ro\\\/en\\\/product\\\/qutag-senzor-de-pozitie-si-deplasare-prin-reflexie-confocala\\\/\",\"url\":\"https:\\\/\\\/apellaser.ro\\\/en\\\/product\\\/qutag-senzor-de-pozitie-si-deplasare-prin-reflexie-confocala\\\/\",\"name\":\"quTAG - Senzor de pozi\u021bie \u0219i deplasare prin reflexie confocal\u0103 - APEL LASER\",\"isPartOf\":{\"@id\":\"https:\\\/\\\/apellaser.ro\\\/en\\\/#website\"},\"primaryImageOfPage\":{\"@id\":\"https:\\\/\\\/apellaser.ro\\\/en\\\/product\\\/qutag-senzor-de-pozitie-si-deplasare-prin-reflexie-confocala\\\/#primaryimage\"},\"image\":{\"@id\":\"https:\\\/\\\/apellaser.ro\\\/en\\\/product\\\/qutag-senzor-de-pozitie-si-deplasare-prin-reflexie-confocala\\\/#primaryimage\"},\"thumbnailUrl\":\"https:\\\/\\\/apellaser.ro\\\/wp-content\\\/uploads\\\/2026\\\/01\\\/quTAG_900x300.jpg\",\"datePublished\":\"2026-01-29T08:09:49+00:00\",\"dateModified\":\"2026-01-29T09:50:21+00:00\",\"description\":\"qutag este un sistem avansat de m\u0103surare confocal\u0103 cu referin\u021b\u0103 intern\u0103, conceput pentru monitorizarea precis\u0103 \u0219i stabil\u0103 a pozi\u021biei \u0219i deplas\u0103rii f\u0103r\u0103 necesitatea unei suprafe\u021be reflectorizante dedicate.\",\"breadcrumb\":{\"@id\":\"https:\\\/\\\/apellaser.ro\\\/en\\\/product\\\/qutag-senzor-de-pozitie-si-deplasare-prin-reflexie-confocala\\\/#breadcrumb\"},\"inLanguage\":\"en-US\",\"potentialAction\":[{\"@type\":\"ReadAction\",\"target\":[\"https:\\\/\\\/apellaser.ro\\\/en\\\/product\\\/qutag-senzor-de-pozitie-si-deplasare-prin-reflexie-confocala\\\/\"]}]},{\"@type\":\"ImageObject\",\"inLanguage\":\"en-US\",\"@id\":\"https:\\\/\\\/apellaser.ro\\\/en\\\/product\\\/qutag-senzor-de-pozitie-si-deplasare-prin-reflexie-confocala\\\/#primaryimage\",\"url\":\"https:\\\/\\\/apellaser.ro\\\/wp-content\\\/uploads\\\/2026\\\/01\\\/quTAG_900x300.jpg\",\"contentUrl\":\"https:\\\/\\\/apellaser.ro\\\/wp-content\\\/uploads\\\/2026\\\/01\\\/quTAG_900x300.jpg\",\"width\":900,\"height\":300},{\"@type\":\"BreadcrumbList\",\"@id\":\"https:\\\/\\\/apellaser.ro\\\/en\\\/product\\\/qutag-senzor-de-pozitie-si-deplasare-prin-reflexie-confocala\\\/#breadcrumb\",\"itemListElement\":[{\"@type\":\"ListItem\",\"position\":1,\"name\":\"Prima pagin\u0103\",\"item\":\"https:\\\/\\\/apellaser.ro\\\/en\\\/\"},{\"@type\":\"ListItem\",\"position\":2,\"name\":\"Products\",\"item\":\"https:\\\/\\\/apellaser.ro\\\/en\\\/shop\\\/\"},{\"@type\":\"ListItem\",\"position\":3,\"name\":\"quTAG &#8211; Senzor de pozi\u021bie \u0219i deplasare prin reflexie confocal\u0103\"}]},{\"@type\":\"WebSite\",\"@id\":\"https:\\\/\\\/apellaser.ro\\\/en\\\/#website\",\"url\":\"https:\\\/\\\/apellaser.ro\\\/en\\\/\",\"name\":\"APEL LASER\",\"description\":\"INOVATIE SI PERFORMANTA DE 20 DE ANI\",\"publisher\":{\"@id\":\"https:\\\/\\\/apellaser.ro\\\/en\\\/#organization\"},\"potentialAction\":[{\"@type\":\"SearchAction\",\"target\":{\"@type\":\"EntryPoint\",\"urlTemplate\":\"https:\\\/\\\/apellaser.ro\\\/en\\\/?s={search_term_string}\"},\"query-input\":{\"@type\":\"PropertyValueSpecification\",\"valueRequired\":true,\"valueName\":\"search_term_string\"}}],\"inLanguage\":\"en-US\"},{\"@type\":\"Organization\",\"@id\":\"https:\\\/\\\/apellaser.ro\\\/en\\\/#organization\",\"name\":\"ApelLaser\",\"url\":\"https:\\\/\\\/apellaser.ro\\\/en\\\/\",\"logo\":{\"@type\":\"ImageObject\",\"inLanguage\":\"en-US\",\"@id\":\"https:\\\/\\\/apellaser.ro\\\/en\\\/#\\\/schema\\\/logo\\\/image\\\/\",\"url\":\"https:\\\/\\\/apellaser.ro\\\/wp-content\\\/uploads\\\/2023\\\/08\\\/logo-apel-laser.png\",\"contentUrl\":\"https:\\\/\\\/apellaser.ro\\\/wp-content\\\/uploads\\\/2023\\\/08\\\/logo-apel-laser.png\",\"width\":1000,\"height\":500,\"caption\":\"ApelLaser\"},\"image\":{\"@id\":\"https:\\\/\\\/apellaser.ro\\\/en\\\/#\\\/schema\\\/logo\\\/image\\\/\"},\"sameAs\":[\"https:\\\/\\\/www.facebook.com\\\/apellaser\",\"https:\\\/\\\/www.linkedin.com\\\/company\\\/apel-laser\\\/\",\"https:\\\/\\\/www.youtube.com\\\/@APELLASER-di2xf\"]}]}<\/script>\n<!-- \/ Yoast SEO plugin. -->","yoast_head_json":{"title":"quTAG - Senzor de pozi\u021bie \u0219i deplasare prin reflexie confocal\u0103 - APEL LASER","description":"qutag este un sistem avansat de m\u0103surare confocal\u0103 cu referin\u021b\u0103 intern\u0103, conceput pentru monitorizarea precis\u0103 \u0219i stabil\u0103 a pozi\u021biei \u0219i deplas\u0103rii f\u0103r\u0103 necesitatea unei suprafe\u021be reflectorizante dedicate.","robots":{"index":"index","follow":"follow","max-snippet":"max-snippet:-1","max-image-preview":"max-image-preview:large","max-video-preview":"max-video-preview:-1"},"canonical":"https:\/\/apellaser.ro\/en\/product\/qutag-senzor-de-pozitie-si-deplasare-prin-reflexie-confocala\/","og_locale":"en_US","og_type":"article","og_title":"quTAG - Senzor de pozi\u021bie \u0219i deplasare prin reflexie confocal\u0103 - APEL LASER","og_description":"qutag este un sistem avansat de m\u0103surare confocal\u0103 cu referin\u021b\u0103 intern\u0103, conceput pentru monitorizarea precis\u0103 \u0219i stabil\u0103 a pozi\u021biei \u0219i deplas\u0103rii f\u0103r\u0103 necesitatea unei suprafe\u021be reflectorizante dedicate.","og_url":"https:\/\/apellaser.ro\/en\/product\/qutag-senzor-de-pozitie-si-deplasare-prin-reflexie-confocala\/","og_site_name":"APEL LASER","article_publisher":"https:\/\/www.facebook.com\/apellaser","article_modified_time":"2026-01-29T09:50:21+00:00","og_image":[{"width":900,"height":300,"url":"https:\/\/apellaser.ro\/wp-content\/uploads\/2026\/01\/quTAG_900x300.jpg","type":"image\/jpeg"}],"twitter_card":"summary_large_image","twitter_misc":{"Est. reading time":"1 minute"},"schema":{"@context":"https:\/\/schema.org","@graph":[{"@type":"WebPage","@id":"https:\/\/apellaser.ro\/en\/product\/qutag-senzor-de-pozitie-si-deplasare-prin-reflexie-confocala\/","url":"https:\/\/apellaser.ro\/en\/product\/qutag-senzor-de-pozitie-si-deplasare-prin-reflexie-confocala\/","name":"quTAG - Senzor de pozi\u021bie \u0219i deplasare prin reflexie confocal\u0103 - APEL LASER","isPartOf":{"@id":"https:\/\/apellaser.ro\/en\/#website"},"primaryImageOfPage":{"@id":"https:\/\/apellaser.ro\/en\/product\/qutag-senzor-de-pozitie-si-deplasare-prin-reflexie-confocala\/#primaryimage"},"image":{"@id":"https:\/\/apellaser.ro\/en\/product\/qutag-senzor-de-pozitie-si-deplasare-prin-reflexie-confocala\/#primaryimage"},"thumbnailUrl":"https:\/\/apellaser.ro\/wp-content\/uploads\/2026\/01\/quTAG_900x300.jpg","datePublished":"2026-01-29T08:09:49+00:00","dateModified":"2026-01-29T09:50:21+00:00","description":"qutag este un sistem avansat de m\u0103surare confocal\u0103 cu referin\u021b\u0103 intern\u0103, conceput pentru monitorizarea precis\u0103 \u0219i stabil\u0103 a pozi\u021biei \u0219i deplas\u0103rii f\u0103r\u0103 necesitatea unei suprafe\u021be reflectorizante dedicate.","breadcrumb":{"@id":"https:\/\/apellaser.ro\/en\/product\/qutag-senzor-de-pozitie-si-deplasare-prin-reflexie-confocala\/#breadcrumb"},"inLanguage":"en-US","potentialAction":[{"@type":"ReadAction","target":["https:\/\/apellaser.ro\/en\/product\/qutag-senzor-de-pozitie-si-deplasare-prin-reflexie-confocala\/"]}]},{"@type":"ImageObject","inLanguage":"en-US","@id":"https:\/\/apellaser.ro\/en\/product\/qutag-senzor-de-pozitie-si-deplasare-prin-reflexie-confocala\/#primaryimage","url":"https:\/\/apellaser.ro\/wp-content\/uploads\/2026\/01\/quTAG_900x300.jpg","contentUrl":"https:\/\/apellaser.ro\/wp-content\/uploads\/2026\/01\/quTAG_900x300.jpg","width":900,"height":300},{"@type":"BreadcrumbList","@id":"https:\/\/apellaser.ro\/en\/product\/qutag-senzor-de-pozitie-si-deplasare-prin-reflexie-confocala\/#breadcrumb","itemListElement":[{"@type":"ListItem","position":1,"name":"Prima pagin\u0103","item":"https:\/\/apellaser.ro\/en\/"},{"@type":"ListItem","position":2,"name":"Products","item":"https:\/\/apellaser.ro\/en\/shop\/"},{"@type":"ListItem","position":3,"name":"quTAG &#8211; Senzor de pozi\u021bie \u0219i deplasare prin reflexie confocal\u0103"}]},{"@type":"WebSite","@id":"https:\/\/apellaser.ro\/en\/#website","url":"https:\/\/apellaser.ro\/en\/","name":"APEL LASER","description":"INOVATIE SI PERFORMANTA DE 20 DE ANI","publisher":{"@id":"https:\/\/apellaser.ro\/en\/#organization"},"potentialAction":[{"@type":"SearchAction","target":{"@type":"EntryPoint","urlTemplate":"https:\/\/apellaser.ro\/en\/?s={search_term_string}"},"query-input":{"@type":"PropertyValueSpecification","valueRequired":true,"valueName":"search_term_string"}}],"inLanguage":"en-US"},{"@type":"Organization","@id":"https:\/\/apellaser.ro\/en\/#organization","name":"ApelLaser","url":"https:\/\/apellaser.ro\/en\/","logo":{"@type":"ImageObject","inLanguage":"en-US","@id":"https:\/\/apellaser.ro\/en\/#\/schema\/logo\/image\/","url":"https:\/\/apellaser.ro\/wp-content\/uploads\/2023\/08\/logo-apel-laser.png","contentUrl":"https:\/\/apellaser.ro\/wp-content\/uploads\/2023\/08\/logo-apel-laser.png","width":1000,"height":500,"caption":"ApelLaser"},"image":{"@id":"https:\/\/apellaser.ro\/en\/#\/schema\/logo\/image\/"},"sameAs":["https:\/\/www.facebook.com\/apellaser","https:\/\/www.linkedin.com\/company\/apel-laser\/","https:\/\/www.youtube.com\/@APELLASER-di2xf"]}]}},"_links":{"self":[{"href":"https:\/\/apellaser.ro\/en\/wp-json\/wp\/v2\/product\/27747","targetHints":{"allow":["GET"]}}],"collection":[{"href":"https:\/\/apellaser.ro\/en\/wp-json\/wp\/v2\/product"}],"about":[{"href":"https:\/\/apellaser.ro\/en\/wp-json\/wp\/v2\/types\/product"}],"version-history":[{"count":2,"href":"https:\/\/apellaser.ro\/en\/wp-json\/wp\/v2\/product\/27747\/revisions"}],"predecessor-version":[{"id":27786,"href":"https:\/\/apellaser.ro\/en\/wp-json\/wp\/v2\/product\/27747\/revisions\/27786"}],"wp:featuredmedia":[{"embeddable":true,"href":"https:\/\/apellaser.ro\/en\/wp-json\/wp\/v2\/media\/27749"}],"wp:attachment":[{"href":"https:\/\/apellaser.ro\/en\/wp-json\/wp\/v2\/media?parent=27747"}],"wp:term":[{"taxonomy":"product_brand","embeddable":true,"href":"https:\/\/apellaser.ro\/en\/wp-json\/wp\/v2\/product_brand?post=27747"},{"taxonomy":"product_cat","embeddable":true,"href":"https:\/\/apellaser.ro\/en\/wp-json\/wp\/v2\/product_cat?post=27747"},{"taxonomy":"product_tag","embeddable":true,"href":"https:\/\/apellaser.ro\/en\/wp-json\/wp\/v2\/product_tag?post=27747"}],"curies":[{"name":"wp","href":"https:\/\/api.w.org\/{rel}","templated":true}]}}