{"id":27743,"date":"2026-01-29T10:03:31","date_gmt":"2026-01-29T08:03:31","guid":{"rendered":"https:\/\/apellaser.ro\/?post_type=product&#038;p=27743"},"modified":"2026-01-29T11:51:38","modified_gmt":"2026-01-29T09:51:38","slug":"qudis-senzor-interferometric-de-deplasare","status":"publish","type":"product","link":"https:\/\/apellaser.ro\/en\/product\/qudis-senzor-interferometric-de-deplasare\/","title":{"rendered":"quDIS &#8211; Senzor interferometric de deplasare"},"content":{"rendered":"<p><strong data-start=\"308\" data-end=\"317\">quDIS<\/strong> este un sistem avansat de m\u0103surare bazat pe interferometrie (Fabry-P\u00e9rot, Michelson), proiectat pentru <strong data-start=\"424\" data-end=\"474\">m\u0103surarea deplas\u0103rii, distan\u021bei \u0219i vibra\u021biilor<\/strong> cu o stabilitate excep\u021bional\u0103, de nivel <strong data-start=\"515\" data-end=\"544\">sub-nanometric (&lt;0,05 nm)<\/strong>. Este ideal pentru aplica\u021bii de metrologie de \u00eenalt\u0103 precizie \u00een cercetare \u0219i industrie.<\/p>\n<h3 data-start=\"1906\" data-end=\"1930\"><strong data-start=\"1910\" data-end=\"1930\">Aplica\u021bii tipice<\/strong><\/h3>\n<ul data-start=\"1961\" data-end=\"2306\">\n<li data-start=\"1961\" data-end=\"2027\">\n<p data-start=\"1963\" data-end=\"2027\">m\u0103surarea <strong data-start=\"1973\" data-end=\"2000\">deplas\u0103rii \u0219i distan\u021bei<\/strong> cu precizie ultra-\u00eenalt\u0103<\/p>\n<\/li>\n<li data-start=\"2028\" data-end=\"2080\">\n<p data-start=\"2030\" data-end=\"2080\">analiza <strong data-start=\"2038\" data-end=\"2053\">vibra\u021biilor<\/strong> \u0219i a mi\u0219c\u0103rilor dinamice<\/p>\n<\/li>\n<li data-start=\"2081\" data-end=\"2163\">\n<p data-start=\"2083\" data-end=\"2163\">controlul pozi\u021bion\u0103rii \u00een sisteme cu precizie ridicat\u0103 (stage-uri, actuatoare)<\/p>\n<\/li>\n<li data-start=\"2164\" data-end=\"2231\">\n<p data-start=\"2166\" data-end=\"2231\">m\u0103sur\u0103tori de <strong data-start=\"2180\" data-end=\"2189\">unghi<\/strong>, drift \u0219i stabilitate \u00een sisteme optice<\/p>\n<\/li>\n<li data-start=\"2232\" data-end=\"2306\">\n<p data-start=\"2234\" data-end=\"2306\">controlul calit\u0103\u021bii \u00een produc\u021bie de precizie \/ laboratoare de cercetare<\/p>\n<\/li>\n<\/ul>\n<p>&nbsp;<\/p>\n<p><strong>Resurse:<\/strong><br \/>\n<a href=\"https:\/\/www.qutools.com\/files\/quDIS\/qutools_quDIS_Brochure.pdf\"><button class=\"buton-resurse\">Brosura<\/button><\/a><\/p>\n<p>&nbsp;<\/p>\n","protected":false},"excerpt":{"rendered":"<p data-start=\"669\" data-end=\"1044\"><strong data-start=\"669\" data-end=\"678\">quDIS<\/strong> (qutools) este un senzor interferometric de ultim\u0103 genera\u021bie, destinat aplica\u021biilor unde sunt necesare <strong data-start=\"782\" data-end=\"825\">m\u0103sur\u0103tori extrem de stabile \u0219i precise<\/strong>, indiferent de contrastul suprafe\u021bei m\u0103surate. Sistemul utilizeaz\u0103 un algoritm avansat (contrast-independent) pentru a reduce artefactele periodice \u0219i pentru a asigura rezultate fiabile \u00een condi\u021bii reale de utilizare.<\/p>\n<p data-start=\"1046\" data-end=\"1434\">Poate fi configurat ca interferometru <strong data-start=\"1084\" data-end=\"1099\">Fabry-P\u00e9rot<\/strong> sau <strong data-start=\"1104\" data-end=\"1117\">Michelson<\/strong>, \u00een func\u021bie de cerin\u021bele aplica\u021biei, fiind potrivit pentru m\u0103sur\u0103tori relative \u0219i absolute de deplasare, monitorizare drift, m\u0103sur\u0103tori de vibra\u021bii \u0219i analiz\u0103 dinamic\u0103. Domeniul de lucru este larg, aproximativ <strong data-start=\"1328\" data-end=\"1342\">20\u20131400 mm<\/strong>, iar sistemul poate opera pe <strong data-start=\"1372\" data-end=\"1392\">3 axe de senzori<\/strong>, pentru monitorizare multi-direc\u021bional\u0103.<\/p>\n","protected":false},"featured_media":27744,"template":"","meta":[],"product_brand":[3567],"product_cat":[298,253],"product_tag":[],"class_list":{"0":"post-27743","1":"product","2":"type-product","3":"status-publish","4":"has-post-thumbnail","6":"product_brand-qutools","7":"product_cat-echipamente-laborator","8":"product_cat-instrumente-analitice","10":"first","11":"instock","12":"shipping-taxable","13":"product-type-simple"},"yoast_head":"<!-- This site is optimized with the Yoast SEO plugin v27.4 - https:\/\/yoast.com\/product\/yoast-seo-wordpress\/ -->\n<title>quDIS - Senzor interferometric de deplasare - APEL LASER<\/title>\n<meta name=\"description\" content=\"quDIS este un sistem avansat de m\u0103surare bazat pe interferometrie, proiectat pentru m\u0103surarea deplas\u0103rii, distan\u021bei \u0219i vibra\u021biilor, de nivel sub-nanometric.\" \/>\n<meta name=\"robots\" content=\"index, follow, max-snippet:-1, max-image-preview:large, max-video-preview:-1\" \/>\n<link rel=\"canonical\" href=\"https:\/\/apellaser.ro\/en\/product\/qudis-senzor-interferometric-de-deplasare\/\" \/>\n<meta property=\"og:locale\" content=\"en_US\" \/>\n<meta property=\"og:type\" content=\"article\" \/>\n<meta property=\"og:title\" content=\"quDIS - Senzor interferometric de deplasare - APEL LASER\" \/>\n<meta property=\"og:description\" content=\"quDIS este un sistem avansat de m\u0103surare bazat pe interferometrie, proiectat pentru m\u0103surarea deplas\u0103rii, distan\u021bei \u0219i vibra\u021biilor, de nivel sub-nanometric.\" \/>\n<meta property=\"og:url\" content=\"https:\/\/apellaser.ro\/en\/product\/qudis-senzor-interferometric-de-deplasare\/\" \/>\n<meta property=\"og:site_name\" content=\"APEL LASER\" \/>\n<meta property=\"article:publisher\" content=\"https:\/\/www.facebook.com\/apellaser\" \/>\n<meta property=\"article:modified_time\" content=\"2026-01-29T09:51:38+00:00\" \/>\n<meta property=\"og:image\" content=\"https:\/\/apellaser.ro\/wp-content\/uploads\/2026\/01\/qutools_quDIS_900x300.jpg\" \/>\n\t<meta property=\"og:image:width\" content=\"900\" \/>\n\t<meta property=\"og:image:height\" content=\"300\" \/>\n\t<meta property=\"og:image:type\" content=\"image\/jpeg\" \/>\n<meta name=\"twitter:card\" content=\"summary_large_image\" \/>\n<meta name=\"twitter:label1\" content=\"Est. reading time\" \/>\n\t<meta name=\"twitter:data1\" content=\"1 minute\" \/>\n<script type=\"application\/ld+json\" class=\"yoast-schema-graph\">{\"@context\":\"https:\\\/\\\/schema.org\",\"@graph\":[{\"@type\":\"WebPage\",\"@id\":\"https:\\\/\\\/apellaser.ro\\\/en\\\/product\\\/qudis-senzor-interferometric-de-deplasare\\\/\",\"url\":\"https:\\\/\\\/apellaser.ro\\\/en\\\/product\\\/qudis-senzor-interferometric-de-deplasare\\\/\",\"name\":\"quDIS - Senzor interferometric de deplasare - APEL LASER\",\"isPartOf\":{\"@id\":\"https:\\\/\\\/apellaser.ro\\\/en\\\/#website\"},\"primaryImageOfPage\":{\"@id\":\"https:\\\/\\\/apellaser.ro\\\/en\\\/product\\\/qudis-senzor-interferometric-de-deplasare\\\/#primaryimage\"},\"image\":{\"@id\":\"https:\\\/\\\/apellaser.ro\\\/en\\\/product\\\/qudis-senzor-interferometric-de-deplasare\\\/#primaryimage\"},\"thumbnailUrl\":\"https:\\\/\\\/apellaser.ro\\\/wp-content\\\/uploads\\\/2026\\\/01\\\/qutools_quDIS_900x300.jpg\",\"datePublished\":\"2026-01-29T08:03:31+00:00\",\"dateModified\":\"2026-01-29T09:51:38+00:00\",\"description\":\"quDIS este un sistem avansat de m\u0103surare bazat pe interferometrie, proiectat pentru m\u0103surarea deplas\u0103rii, distan\u021bei \u0219i vibra\u021biilor, de nivel sub-nanometric.\",\"breadcrumb\":{\"@id\":\"https:\\\/\\\/apellaser.ro\\\/en\\\/product\\\/qudis-senzor-interferometric-de-deplasare\\\/#breadcrumb\"},\"inLanguage\":\"en-US\",\"potentialAction\":[{\"@type\":\"ReadAction\",\"target\":[\"https:\\\/\\\/apellaser.ro\\\/en\\\/product\\\/qudis-senzor-interferometric-de-deplasare\\\/\"]}]},{\"@type\":\"ImageObject\",\"inLanguage\":\"en-US\",\"@id\":\"https:\\\/\\\/apellaser.ro\\\/en\\\/product\\\/qudis-senzor-interferometric-de-deplasare\\\/#primaryimage\",\"url\":\"https:\\\/\\\/apellaser.ro\\\/wp-content\\\/uploads\\\/2026\\\/01\\\/qutools_quDIS_900x300.jpg\",\"contentUrl\":\"https:\\\/\\\/apellaser.ro\\\/wp-content\\\/uploads\\\/2026\\\/01\\\/qutools_quDIS_900x300.jpg\",\"width\":900,\"height\":300},{\"@type\":\"BreadcrumbList\",\"@id\":\"https:\\\/\\\/apellaser.ro\\\/en\\\/product\\\/qudis-senzor-interferometric-de-deplasare\\\/#breadcrumb\",\"itemListElement\":[{\"@type\":\"ListItem\",\"position\":1,\"name\":\"Prima pagin\u0103\",\"item\":\"https:\\\/\\\/apellaser.ro\\\/en\\\/\"},{\"@type\":\"ListItem\",\"position\":2,\"name\":\"Products\",\"item\":\"https:\\\/\\\/apellaser.ro\\\/en\\\/shop\\\/\"},{\"@type\":\"ListItem\",\"position\":3,\"name\":\"quDIS &#8211; Senzor interferometric de deplasare\"}]},{\"@type\":\"WebSite\",\"@id\":\"https:\\\/\\\/apellaser.ro\\\/en\\\/#website\",\"url\":\"https:\\\/\\\/apellaser.ro\\\/en\\\/\",\"name\":\"APEL LASER\",\"description\":\"INOVATIE SI PERFORMANTA DE 20 DE ANI\",\"publisher\":{\"@id\":\"https:\\\/\\\/apellaser.ro\\\/en\\\/#organization\"},\"potentialAction\":[{\"@type\":\"SearchAction\",\"target\":{\"@type\":\"EntryPoint\",\"urlTemplate\":\"https:\\\/\\\/apellaser.ro\\\/en\\\/?s={search_term_string}\"},\"query-input\":{\"@type\":\"PropertyValueSpecification\",\"valueRequired\":true,\"valueName\":\"search_term_string\"}}],\"inLanguage\":\"en-US\"},{\"@type\":\"Organization\",\"@id\":\"https:\\\/\\\/apellaser.ro\\\/en\\\/#organization\",\"name\":\"ApelLaser\",\"url\":\"https:\\\/\\\/apellaser.ro\\\/en\\\/\",\"logo\":{\"@type\":\"ImageObject\",\"inLanguage\":\"en-US\",\"@id\":\"https:\\\/\\\/apellaser.ro\\\/en\\\/#\\\/schema\\\/logo\\\/image\\\/\",\"url\":\"https:\\\/\\\/apellaser.ro\\\/wp-content\\\/uploads\\\/2023\\\/08\\\/logo-apel-laser.png\",\"contentUrl\":\"https:\\\/\\\/apellaser.ro\\\/wp-content\\\/uploads\\\/2023\\\/08\\\/logo-apel-laser.png\",\"width\":1000,\"height\":500,\"caption\":\"ApelLaser\"},\"image\":{\"@id\":\"https:\\\/\\\/apellaser.ro\\\/en\\\/#\\\/schema\\\/logo\\\/image\\\/\"},\"sameAs\":[\"https:\\\/\\\/www.facebook.com\\\/apellaser\",\"https:\\\/\\\/www.linkedin.com\\\/company\\\/apel-laser\\\/\",\"https:\\\/\\\/www.youtube.com\\\/@APELLASER-di2xf\"]}]}<\/script>\n<!-- \/ Yoast SEO plugin. -->","yoast_head_json":{"title":"quDIS - Senzor interferometric de deplasare - APEL LASER","description":"quDIS este un sistem avansat de m\u0103surare bazat pe interferometrie, proiectat pentru m\u0103surarea deplas\u0103rii, distan\u021bei \u0219i vibra\u021biilor, de nivel sub-nanometric.","robots":{"index":"index","follow":"follow","max-snippet":"max-snippet:-1","max-image-preview":"max-image-preview:large","max-video-preview":"max-video-preview:-1"},"canonical":"https:\/\/apellaser.ro\/en\/product\/qudis-senzor-interferometric-de-deplasare\/","og_locale":"en_US","og_type":"article","og_title":"quDIS - Senzor interferometric de deplasare - APEL LASER","og_description":"quDIS este un sistem avansat de m\u0103surare bazat pe interferometrie, proiectat pentru m\u0103surarea deplas\u0103rii, distan\u021bei \u0219i vibra\u021biilor, de nivel sub-nanometric.","og_url":"https:\/\/apellaser.ro\/en\/product\/qudis-senzor-interferometric-de-deplasare\/","og_site_name":"APEL LASER","article_publisher":"https:\/\/www.facebook.com\/apellaser","article_modified_time":"2026-01-29T09:51:38+00:00","og_image":[{"width":900,"height":300,"url":"https:\/\/apellaser.ro\/wp-content\/uploads\/2026\/01\/qutools_quDIS_900x300.jpg","type":"image\/jpeg"}],"twitter_card":"summary_large_image","twitter_misc":{"Est. reading time":"1 minute"},"schema":{"@context":"https:\/\/schema.org","@graph":[{"@type":"WebPage","@id":"https:\/\/apellaser.ro\/en\/product\/qudis-senzor-interferometric-de-deplasare\/","url":"https:\/\/apellaser.ro\/en\/product\/qudis-senzor-interferometric-de-deplasare\/","name":"quDIS - Senzor interferometric de deplasare - APEL LASER","isPartOf":{"@id":"https:\/\/apellaser.ro\/en\/#website"},"primaryImageOfPage":{"@id":"https:\/\/apellaser.ro\/en\/product\/qudis-senzor-interferometric-de-deplasare\/#primaryimage"},"image":{"@id":"https:\/\/apellaser.ro\/en\/product\/qudis-senzor-interferometric-de-deplasare\/#primaryimage"},"thumbnailUrl":"https:\/\/apellaser.ro\/wp-content\/uploads\/2026\/01\/qutools_quDIS_900x300.jpg","datePublished":"2026-01-29T08:03:31+00:00","dateModified":"2026-01-29T09:51:38+00:00","description":"quDIS este un sistem avansat de m\u0103surare bazat pe interferometrie, proiectat pentru m\u0103surarea deplas\u0103rii, distan\u021bei \u0219i vibra\u021biilor, de nivel sub-nanometric.","breadcrumb":{"@id":"https:\/\/apellaser.ro\/en\/product\/qudis-senzor-interferometric-de-deplasare\/#breadcrumb"},"inLanguage":"en-US","potentialAction":[{"@type":"ReadAction","target":["https:\/\/apellaser.ro\/en\/product\/qudis-senzor-interferometric-de-deplasare\/"]}]},{"@type":"ImageObject","inLanguage":"en-US","@id":"https:\/\/apellaser.ro\/en\/product\/qudis-senzor-interferometric-de-deplasare\/#primaryimage","url":"https:\/\/apellaser.ro\/wp-content\/uploads\/2026\/01\/qutools_quDIS_900x300.jpg","contentUrl":"https:\/\/apellaser.ro\/wp-content\/uploads\/2026\/01\/qutools_quDIS_900x300.jpg","width":900,"height":300},{"@type":"BreadcrumbList","@id":"https:\/\/apellaser.ro\/en\/product\/qudis-senzor-interferometric-de-deplasare\/#breadcrumb","itemListElement":[{"@type":"ListItem","position":1,"name":"Prima pagin\u0103","item":"https:\/\/apellaser.ro\/en\/"},{"@type":"ListItem","position":2,"name":"Products","item":"https:\/\/apellaser.ro\/en\/shop\/"},{"@type":"ListItem","position":3,"name":"quDIS &#8211; Senzor interferometric de deplasare"}]},{"@type":"WebSite","@id":"https:\/\/apellaser.ro\/en\/#website","url":"https:\/\/apellaser.ro\/en\/","name":"APEL LASER","description":"INOVATIE SI PERFORMANTA DE 20 DE ANI","publisher":{"@id":"https:\/\/apellaser.ro\/en\/#organization"},"potentialAction":[{"@type":"SearchAction","target":{"@type":"EntryPoint","urlTemplate":"https:\/\/apellaser.ro\/en\/?s={search_term_string}"},"query-input":{"@type":"PropertyValueSpecification","valueRequired":true,"valueName":"search_term_string"}}],"inLanguage":"en-US"},{"@type":"Organization","@id":"https:\/\/apellaser.ro\/en\/#organization","name":"ApelLaser","url":"https:\/\/apellaser.ro\/en\/","logo":{"@type":"ImageObject","inLanguage":"en-US","@id":"https:\/\/apellaser.ro\/en\/#\/schema\/logo\/image\/","url":"https:\/\/apellaser.ro\/wp-content\/uploads\/2023\/08\/logo-apel-laser.png","contentUrl":"https:\/\/apellaser.ro\/wp-content\/uploads\/2023\/08\/logo-apel-laser.png","width":1000,"height":500,"caption":"ApelLaser"},"image":{"@id":"https:\/\/apellaser.ro\/en\/#\/schema\/logo\/image\/"},"sameAs":["https:\/\/www.facebook.com\/apellaser","https:\/\/www.linkedin.com\/company\/apel-laser\/","https:\/\/www.youtube.com\/@APELLASER-di2xf"]}]}},"_links":{"self":[{"href":"https:\/\/apellaser.ro\/en\/wp-json\/wp\/v2\/product\/27743","targetHints":{"allow":["GET"]}}],"collection":[{"href":"https:\/\/apellaser.ro\/en\/wp-json\/wp\/v2\/product"}],"about":[{"href":"https:\/\/apellaser.ro\/en\/wp-json\/wp\/v2\/types\/product"}],"version-history":[{"count":2,"href":"https:\/\/apellaser.ro\/en\/wp-json\/wp\/v2\/product\/27743\/revisions"}],"predecessor-version":[{"id":27787,"href":"https:\/\/apellaser.ro\/en\/wp-json\/wp\/v2\/product\/27743\/revisions\/27787"}],"wp:featuredmedia":[{"embeddable":true,"href":"https:\/\/apellaser.ro\/en\/wp-json\/wp\/v2\/media\/27744"}],"wp:attachment":[{"href":"https:\/\/apellaser.ro\/en\/wp-json\/wp\/v2\/media?parent=27743"}],"wp:term":[{"taxonomy":"product_brand","embeddable":true,"href":"https:\/\/apellaser.ro\/en\/wp-json\/wp\/v2\/product_brand?post=27743"},{"taxonomy":"product_cat","embeddable":true,"href":"https:\/\/apellaser.ro\/en\/wp-json\/wp\/v2\/product_cat?post=27743"},{"taxonomy":"product_tag","embeddable":true,"href":"https:\/\/apellaser.ro\/en\/wp-json\/wp\/v2\/product_tag?post=27743"}],"curies":[{"name":"wp","href":"https:\/\/api.w.org\/{rel}","templated":true}]}}