{"id":27713,"date":"2026-01-27T16:13:29","date_gmt":"2026-01-27T14:13:29","guid":{"rendered":"https:\/\/apellaser.ro\/?post_type=product&#038;p=27713"},"modified":"2026-01-29T10:07:14","modified_gmt":"2026-01-29T08:07:14","slug":"bodor-aqu-sudura-cu-laser-portabila","status":"publish","type":"product","link":"https:\/\/apellaser.ro\/en\/product\/bodor-aqu-sudura-cu-laser-portabila\/","title":{"rendered":"Bodor Aqu \u2013 Ma\u0219in\u0103 portabil\u0103 de sudur\u0103 cu laser (Handheld Aqu Series)"},"content":{"rendered":"<p data-start=\"346\" data-end=\"704\"><strong data-start=\"352\" data-end=\"365\">Bodor Aqu<\/strong> este o <strong data-start=\"373\" data-end=\"412\">ma\u0219in\u0103 portabil\u0103 de sudur\u0103 cu laser<\/strong> destinat\u0103 aplica\u021biilor industriale moderne, unde sunt necesare <strong data-start=\"476\" data-end=\"544\">vitez\u0103 mare de sudur\u0103, precizie ridicat\u0103 \u0219i eficien\u021b\u0103 energetic\u0103<\/strong>. Sistemul combin\u0103 o <strong data-start=\"565\" data-end=\"600\">surs\u0103 laser de \u00eenalt\u0103 eficien\u021b\u0103<\/strong> cu un design robust \u0219i compact, oferind performan\u021be superioare fa\u021b\u0103 de echipamentele clasice de sudur\u0103.<\/p>\n<p data-start=\"706\" data-end=\"1063\">Datorit\u0103 <strong data-start=\"715\" data-end=\"754\">tehnologiei avansate de auto-r\u0103cire<\/strong>, ma\u0219ina de sudur\u0103 cu laser Bodor Aqu elimin\u0103 necesitatea sistemelor complexe de r\u0103cire cu ap\u0103, reduc\u00e2nd costurile de operare \u0219i mentenan\u021b\u0103. Acest lucru face ca echipamentul s\u0103 fie ideal pentru <strong data-start=\"948\" data-end=\"968\">utilizare mobil\u0103<\/strong>, ateliere de produc\u021bie, repara\u021bii industriale \u0219i aplica\u021bii unde flexibilitatea este esen\u021bial\u0103.<\/p>\n<p data-start=\"1065\" data-end=\"1382\">Echipat\u0103 cu <strong data-start=\"1077\" data-end=\"1114\">solu\u021bii optice de \u00eenalt\u0103 calitate<\/strong> \u0219i o <strong data-start=\"1120\" data-end=\"1156\">arhitectur\u0103 de control dual-core<\/strong>, seria Aqu genereaz\u0103 un fascicul laser stabil, cu densitate mare de energie. Acest fascicul permite <strong data-start=\"1257\" data-end=\"1296\">penetrare profund\u0103 \u0219i suduri curate<\/strong>, cu \u00eembin\u0103ri rezistente \u0219i deformare termic\u0103 minim\u0103, chiar \u0219i pe materiale sensibile.<\/p>\n<p data-start=\"1384\" data-end=\"1749\">Comparativ cu metodele tradi\u021bionale de <strong data-start=\"1423\" data-end=\"1441\">sudur\u0103 MIG\/TIG<\/strong>, ma\u0219inile portabile de sudur\u0103 cu laser din seria Bodor Aqu ofer\u0103 o <strong data-start=\"1509\" data-end=\"1554\">eficien\u021b\u0103 de sudur\u0103 semnificativ mai mare<\/strong>, \u00een special pentru <strong data-start=\"1574\" data-end=\"1599\">foi metalice sub 3 mm<\/strong>. Pentru materiale de 1 mm, sistemul poate atinge <strong data-start=\"1649\" data-end=\"1691\">viteze de sudur\u0103 de p\u00e2n\u0103 la 190 cm\/min<\/strong>, cresc\u00e2nd productivitatea \u0219i reduc\u00e2nd timpul de execu\u021bie.<\/p>\n<p data-start=\"1751\" data-end=\"2068\">Prin combina\u021bia dintre <strong data-start=\"1774\" data-end=\"1808\">sudur\u0103 cu laser de mare vitez\u0103<\/strong>, costuri reduse de exploatare \u0219i calitate constant\u0103 a sudurii, seria <strong data-start=\"1878\" data-end=\"1891\">Bodor Aqu<\/strong> reprezint\u0103 o solu\u021bie ideal\u0103 pentru companiile care doresc s\u0103 \u00eenlocuiasc\u0103 sudura conven\u021bional\u0103 cu <strong data-start=\"1989\" data-end=\"2018\">sudur\u0103 cu laser portabil\u0103<\/strong>, f\u0103r\u0103 compromisuri \u00een fiabilitate \u0219i performan\u021b\u0103.<\/p>\n<h3 data-start=\"2762\" data-end=\"2786\"><strong data-start=\"2766\" data-end=\"2786\">Aplica\u021bii<\/strong><\/h3>\n<p data-start=\"2787\" data-end=\"2825\">Sudur\u0103, repara\u021bii \u0219i produc\u021bie pentru:<\/p>\n<ul data-start=\"2826\" data-end=\"3127\">\n<li data-start=\"2826\" data-end=\"2866\">\n<p data-start=\"2828\" data-end=\"2866\">mobilier metalic, rafturi \u0219i structuri<\/p>\n<\/li>\n<li data-start=\"2867\" data-end=\"2909\">\n<p data-start=\"2869\" data-end=\"2909\">componente din o\u021bel inoxidabil \u0219i aliaje<\/p>\n<\/li>\n<li data-start=\"2910\" data-end=\"2935\">\n<p data-start=\"2912\" data-end=\"2935\">ducturi \u0219i utilaje HVAC<\/p>\n<\/li>\n<li data-start=\"2936\" data-end=\"2961\">\n<p data-start=\"2938\" data-end=\"2961\">echipamente industriale<\/p>\n<\/li>\n<li data-start=\"2962\" data-end=\"3127\">\n<p data-start=\"2964\" data-end=\"3127\">construc\u021bii \u0219i fabricare structuri metalic<\/p>\n<\/li>\n<\/ul>\n","protected":false},"excerpt":{"rendered":"<p data-start=\"164\" data-end=\"521\"><strong data-start=\"164\" data-end=\"177\">Bodor Aqu<\/strong> este o <strong data-start=\"185\" data-end=\"233\">serie de ma\u0219ini portabile de sudur\u0103 cu laser<\/strong>, echipat\u0103 cu <strong data-start=\"247\" data-end=\"285\">tehnologie avansat\u0103 de auto-r\u0103cire<\/strong> \u0219i conceput\u0103 pentru aplica\u021bii industriale care necesit\u0103 <strong data-start=\"342\" data-end=\"383\">performan\u021b\u0103 ridicat\u0103 \u0219i flexibilitate<\/strong>. Sistemele ofer\u0103 <strong data-start=\"401\" data-end=\"429\">puteri de p\u00e2n\u0103 la 3000 W<\/strong>, asigur\u00e2nd o <strong data-start=\"443\" data-end=\"468\">vitez\u0103 mare de sudur\u0103<\/strong> \u0219i rezultate constante pe o gam\u0103 larg\u0103 de materiale.<\/p>\n<p data-start=\"523\" data-end=\"933\">Datorit\u0103 tehnologiei de sudur\u0103 cu laser, seria Bodor Aqu permite <strong data-start=\"588\" data-end=\"661\">sudarea eficient\u0103 at\u00e2t a metalelor sub\u021biri, c\u00e2t \u0219i a celor mai groase<\/strong>, cu penetrare controlat\u0103 \u0219i deformare termic\u0103 minim\u0103. Comparativ cu metodele tradi\u021bionale de sudur\u0103 MIG\/TIG, ma\u0219inile portabile de sudur\u0103 cu laser din seria Aqu ofer\u0103 <strong data-start=\"829\" data-end=\"932\">productivitate superioar\u0103, consum redus de material \u0219i calitate \u00eembun\u0103t\u0103\u021bit\u0103 a cordonului de sudur\u0103<\/strong>.<\/p>\n<p data-start=\"935\" data-end=\"1219\">Prin combina\u021bia dintre <strong data-start=\"958\" data-end=\"1002\">sudura cu laser portabil\u0103 de mare putere<\/strong>, costuri reduse de operare \u0219i u\u0219urin\u021b\u0103 \u00een utilizare, <strong data-start=\"1056\" data-end=\"1069\">Bodor Aqu<\/strong> reprezint\u0103 o solu\u021bie modern\u0103 pentru ateliere de produc\u021bie, repara\u021bii industriale \u0219i aplica\u021bii unde sunt necesare <strong data-start=\"1183\" data-end=\"1218\">vitez\u0103, precizie \u0219i fiabilitate<\/strong>.<\/p>\n","protected":false},"featured_media":27714,"template":"","meta":[],"product_brand":[],"product_cat":[74,336],"product_tag":[],"class_list":{"0":"post-27713","1":"product","2":"type-product","3":"status-publish","4":"has-post-thumbnail","6":"product_cat-lasere","7":"product_cat-sisteme-laser","9":"first","10":"instock","11":"shipping-taxable","12":"product-type-simple"},"yoast_head":"<!-- This site is optimized with the Yoast SEO plugin v27.4 - https:\/\/yoast.com\/product\/yoast-seo-wordpress\/ -->\n<title>Bodor Aqu \u2013 Ma\u0219in\u0103 portabil\u0103 de sudur\u0103 cu laser (Handheld Aqu Series) - APEL LASER<\/title>\n<meta name=\"description\" content=\"Bodor Aqu este o serie de ma\u0219ini portabile de sudur\u0103 cu laser, cu auto-r\u0103cire avansat\u0103, puteri p\u00e2n\u0103 la 3000 W \u0219i vitez\u0103 mare pentru sudur\u0103 precis\u0103 a metalelor.\" \/>\n<meta name=\"robots\" content=\"index, follow, max-snippet:-1, max-image-preview:large, max-video-preview:-1\" \/>\n<link rel=\"canonical\" href=\"https:\/\/apellaser.ro\/en\/product\/bodor-aqu-sudura-cu-laser-portabila\/\" \/>\n<meta property=\"og:locale\" content=\"en_US\" \/>\n<meta property=\"og:type\" content=\"article\" \/>\n<meta property=\"og:title\" content=\"Bodor Aqu \u2013 Ma\u0219in\u0103 portabil\u0103 de sudur\u0103 cu laser (Handheld Aqu Series) - APEL LASER\" \/>\n<meta property=\"og:description\" content=\"Bodor Aqu este o serie de ma\u0219ini portabile de sudur\u0103 cu laser, cu auto-r\u0103cire avansat\u0103, puteri p\u00e2n\u0103 la 3000 W \u0219i vitez\u0103 mare pentru sudur\u0103 precis\u0103 a metalelor.\" \/>\n<meta property=\"og:url\" content=\"https:\/\/apellaser.ro\/en\/product\/bodor-aqu-sudura-cu-laser-portabila\/\" \/>\n<meta property=\"og:site_name\" content=\"APEL LASER\" \/>\n<meta property=\"article:publisher\" content=\"https:\/\/www.facebook.com\/apellaser\" \/>\n<meta property=\"article:modified_time\" content=\"2026-01-29T08:07:14+00:00\" \/>\n<meta property=\"og:image\" content=\"https:\/\/apellaser.ro\/wp-content\/uploads\/2026\/01\/PC-scaled.webp\" \/>\n\t<meta property=\"og:image:width\" content=\"2560\" \/>\n\t<meta property=\"og:image:height\" content=\"800\" \/>\n\t<meta property=\"og:image:type\" content=\"image\/webp\" \/>\n<meta name=\"twitter:card\" content=\"summary_large_image\" \/>\n<meta name=\"twitter:label1\" content=\"Est. reading time\" \/>\n\t<meta name=\"twitter:data1\" content=\"2 minutes\" \/>\n<script type=\"application\/ld+json\" class=\"yoast-schema-graph\">{\"@context\":\"https:\\\/\\\/schema.org\",\"@graph\":[{\"@type\":\"WebPage\",\"@id\":\"https:\\\/\\\/apellaser.ro\\\/en\\\/product\\\/bodor-aqu-sudura-cu-laser-portabila\\\/\",\"url\":\"https:\\\/\\\/apellaser.ro\\\/en\\\/product\\\/bodor-aqu-sudura-cu-laser-portabila\\\/\",\"name\":\"Bodor Aqu \u2013 Ma\u0219in\u0103 portabil\u0103 de sudur\u0103 cu laser (Handheld Aqu Series) - APEL LASER\",\"isPartOf\":{\"@id\":\"https:\\\/\\\/apellaser.ro\\\/en\\\/#website\"},\"primaryImageOfPage\":{\"@id\":\"https:\\\/\\\/apellaser.ro\\\/en\\\/product\\\/bodor-aqu-sudura-cu-laser-portabila\\\/#primaryimage\"},\"image\":{\"@id\":\"https:\\\/\\\/apellaser.ro\\\/en\\\/product\\\/bodor-aqu-sudura-cu-laser-portabila\\\/#primaryimage\"},\"thumbnailUrl\":\"https:\\\/\\\/apellaser.ro\\\/wp-content\\\/uploads\\\/2026\\\/01\\\/PC-scaled.webp\",\"datePublished\":\"2026-01-27T14:13:29+00:00\",\"dateModified\":\"2026-01-29T08:07:14+00:00\",\"description\":\"Bodor Aqu este o serie de ma\u0219ini portabile de sudur\u0103 cu laser, cu auto-r\u0103cire avansat\u0103, puteri p\u00e2n\u0103 la 3000 W \u0219i vitez\u0103 mare pentru sudur\u0103 precis\u0103 a metalelor.\",\"breadcrumb\":{\"@id\":\"https:\\\/\\\/apellaser.ro\\\/en\\\/product\\\/bodor-aqu-sudura-cu-laser-portabila\\\/#breadcrumb\"},\"inLanguage\":\"en-US\",\"potentialAction\":[{\"@type\":\"ReadAction\",\"target\":[\"https:\\\/\\\/apellaser.ro\\\/en\\\/product\\\/bodor-aqu-sudura-cu-laser-portabila\\\/\"]}]},{\"@type\":\"ImageObject\",\"inLanguage\":\"en-US\",\"@id\":\"https:\\\/\\\/apellaser.ro\\\/en\\\/product\\\/bodor-aqu-sudura-cu-laser-portabila\\\/#primaryimage\",\"url\":\"https:\\\/\\\/apellaser.ro\\\/wp-content\\\/uploads\\\/2026\\\/01\\\/PC-scaled.webp\",\"contentUrl\":\"https:\\\/\\\/apellaser.ro\\\/wp-content\\\/uploads\\\/2026\\\/01\\\/PC-scaled.webp\",\"width\":2560,\"height\":800,\"caption\":\"Masina portabila sudura cu laser\"},{\"@type\":\"BreadcrumbList\",\"@id\":\"https:\\\/\\\/apellaser.ro\\\/en\\\/product\\\/bodor-aqu-sudura-cu-laser-portabila\\\/#breadcrumb\",\"itemListElement\":[{\"@type\":\"ListItem\",\"position\":1,\"name\":\"Prima pagin\u0103\",\"item\":\"https:\\\/\\\/apellaser.ro\\\/en\\\/\"},{\"@type\":\"ListItem\",\"position\":2,\"name\":\"Products\",\"item\":\"https:\\\/\\\/apellaser.ro\\\/en\\\/shop\\\/\"},{\"@type\":\"ListItem\",\"position\":3,\"name\":\"Bodor Aqu \u2013 Ma\u0219in\u0103 portabil\u0103 de sudur\u0103 cu laser (Handheld Aqu Series)\"}]},{\"@type\":\"WebSite\",\"@id\":\"https:\\\/\\\/apellaser.ro\\\/en\\\/#website\",\"url\":\"https:\\\/\\\/apellaser.ro\\\/en\\\/\",\"name\":\"APEL LASER\",\"description\":\"INOVATIE SI PERFORMANTA DE 20 DE ANI\",\"publisher\":{\"@id\":\"https:\\\/\\\/apellaser.ro\\\/en\\\/#organization\"},\"potentialAction\":[{\"@type\":\"SearchAction\",\"target\":{\"@type\":\"EntryPoint\",\"urlTemplate\":\"https:\\\/\\\/apellaser.ro\\\/en\\\/?s={search_term_string}\"},\"query-input\":{\"@type\":\"PropertyValueSpecification\",\"valueRequired\":true,\"valueName\":\"search_term_string\"}}],\"inLanguage\":\"en-US\"},{\"@type\":\"Organization\",\"@id\":\"https:\\\/\\\/apellaser.ro\\\/en\\\/#organization\",\"name\":\"ApelLaser\",\"url\":\"https:\\\/\\\/apellaser.ro\\\/en\\\/\",\"logo\":{\"@type\":\"ImageObject\",\"inLanguage\":\"en-US\",\"@id\":\"https:\\\/\\\/apellaser.ro\\\/en\\\/#\\\/schema\\\/logo\\\/image\\\/\",\"url\":\"https:\\\/\\\/apellaser.ro\\\/wp-content\\\/uploads\\\/2023\\\/08\\\/logo-apel-laser.png\",\"contentUrl\":\"https:\\\/\\\/apellaser.ro\\\/wp-content\\\/uploads\\\/2023\\\/08\\\/logo-apel-laser.png\",\"width\":1000,\"height\":500,\"caption\":\"ApelLaser\"},\"image\":{\"@id\":\"https:\\\/\\\/apellaser.ro\\\/en\\\/#\\\/schema\\\/logo\\\/image\\\/\"},\"sameAs\":[\"https:\\\/\\\/www.facebook.com\\\/apellaser\",\"https:\\\/\\\/www.linkedin.com\\\/company\\\/apel-laser\\\/\",\"https:\\\/\\\/www.youtube.com\\\/@APELLASER-di2xf\"]}]}<\/script>\n<!-- \/ Yoast SEO plugin. -->","yoast_head_json":{"title":"Bodor Aqu \u2013 Ma\u0219in\u0103 portabil\u0103 de sudur\u0103 cu laser (Handheld Aqu Series) - APEL LASER","description":"Bodor Aqu este o serie de ma\u0219ini portabile de sudur\u0103 cu laser, cu auto-r\u0103cire avansat\u0103, puteri p\u00e2n\u0103 la 3000 W \u0219i vitez\u0103 mare pentru sudur\u0103 precis\u0103 a metalelor.","robots":{"index":"index","follow":"follow","max-snippet":"max-snippet:-1","max-image-preview":"max-image-preview:large","max-video-preview":"max-video-preview:-1"},"canonical":"https:\/\/apellaser.ro\/en\/product\/bodor-aqu-sudura-cu-laser-portabila\/","og_locale":"en_US","og_type":"article","og_title":"Bodor Aqu \u2013 Ma\u0219in\u0103 portabil\u0103 de sudur\u0103 cu laser (Handheld Aqu Series) - APEL LASER","og_description":"Bodor Aqu este o serie de ma\u0219ini portabile de sudur\u0103 cu laser, cu auto-r\u0103cire avansat\u0103, puteri p\u00e2n\u0103 la 3000 W \u0219i vitez\u0103 mare pentru sudur\u0103 precis\u0103 a metalelor.","og_url":"https:\/\/apellaser.ro\/en\/product\/bodor-aqu-sudura-cu-laser-portabila\/","og_site_name":"APEL LASER","article_publisher":"https:\/\/www.facebook.com\/apellaser","article_modified_time":"2026-01-29T08:07:14+00:00","og_image":[{"width":2560,"height":800,"url":"https:\/\/apellaser.ro\/wp-content\/uploads\/2026\/01\/PC-scaled.webp","type":"image\/webp"}],"twitter_card":"summary_large_image","twitter_misc":{"Est. reading time":"2 minutes"},"schema":{"@context":"https:\/\/schema.org","@graph":[{"@type":"WebPage","@id":"https:\/\/apellaser.ro\/en\/product\/bodor-aqu-sudura-cu-laser-portabila\/","url":"https:\/\/apellaser.ro\/en\/product\/bodor-aqu-sudura-cu-laser-portabila\/","name":"Bodor Aqu \u2013 Ma\u0219in\u0103 portabil\u0103 de sudur\u0103 cu laser (Handheld Aqu Series) - APEL LASER","isPartOf":{"@id":"https:\/\/apellaser.ro\/en\/#website"},"primaryImageOfPage":{"@id":"https:\/\/apellaser.ro\/en\/product\/bodor-aqu-sudura-cu-laser-portabila\/#primaryimage"},"image":{"@id":"https:\/\/apellaser.ro\/en\/product\/bodor-aqu-sudura-cu-laser-portabila\/#primaryimage"},"thumbnailUrl":"https:\/\/apellaser.ro\/wp-content\/uploads\/2026\/01\/PC-scaled.webp","datePublished":"2026-01-27T14:13:29+00:00","dateModified":"2026-01-29T08:07:14+00:00","description":"Bodor Aqu este o serie de ma\u0219ini portabile de sudur\u0103 cu laser, cu auto-r\u0103cire avansat\u0103, puteri p\u00e2n\u0103 la 3000 W \u0219i vitez\u0103 mare pentru sudur\u0103 precis\u0103 a metalelor.","breadcrumb":{"@id":"https:\/\/apellaser.ro\/en\/product\/bodor-aqu-sudura-cu-laser-portabila\/#breadcrumb"},"inLanguage":"en-US","potentialAction":[{"@type":"ReadAction","target":["https:\/\/apellaser.ro\/en\/product\/bodor-aqu-sudura-cu-laser-portabila\/"]}]},{"@type":"ImageObject","inLanguage":"en-US","@id":"https:\/\/apellaser.ro\/en\/product\/bodor-aqu-sudura-cu-laser-portabila\/#primaryimage","url":"https:\/\/apellaser.ro\/wp-content\/uploads\/2026\/01\/PC-scaled.webp","contentUrl":"https:\/\/apellaser.ro\/wp-content\/uploads\/2026\/01\/PC-scaled.webp","width":2560,"height":800,"caption":"Masina portabila sudura cu laser"},{"@type":"BreadcrumbList","@id":"https:\/\/apellaser.ro\/en\/product\/bodor-aqu-sudura-cu-laser-portabila\/#breadcrumb","itemListElement":[{"@type":"ListItem","position":1,"name":"Prima pagin\u0103","item":"https:\/\/apellaser.ro\/en\/"},{"@type":"ListItem","position":2,"name":"Products","item":"https:\/\/apellaser.ro\/en\/shop\/"},{"@type":"ListItem","position":3,"name":"Bodor Aqu \u2013 Ma\u0219in\u0103 portabil\u0103 de sudur\u0103 cu laser (Handheld Aqu Series)"}]},{"@type":"WebSite","@id":"https:\/\/apellaser.ro\/en\/#website","url":"https:\/\/apellaser.ro\/en\/","name":"APEL LASER","description":"INOVATIE SI PERFORMANTA DE 20 DE ANI","publisher":{"@id":"https:\/\/apellaser.ro\/en\/#organization"},"potentialAction":[{"@type":"SearchAction","target":{"@type":"EntryPoint","urlTemplate":"https:\/\/apellaser.ro\/en\/?s={search_term_string}"},"query-input":{"@type":"PropertyValueSpecification","valueRequired":true,"valueName":"search_term_string"}}],"inLanguage":"en-US"},{"@type":"Organization","@id":"https:\/\/apellaser.ro\/en\/#organization","name":"ApelLaser","url":"https:\/\/apellaser.ro\/en\/","logo":{"@type":"ImageObject","inLanguage":"en-US","@id":"https:\/\/apellaser.ro\/en\/#\/schema\/logo\/image\/","url":"https:\/\/apellaser.ro\/wp-content\/uploads\/2023\/08\/logo-apel-laser.png","contentUrl":"https:\/\/apellaser.ro\/wp-content\/uploads\/2023\/08\/logo-apel-laser.png","width":1000,"height":500,"caption":"ApelLaser"},"image":{"@id":"https:\/\/apellaser.ro\/en\/#\/schema\/logo\/image\/"},"sameAs":["https:\/\/www.facebook.com\/apellaser","https:\/\/www.linkedin.com\/company\/apel-laser\/","https:\/\/www.youtube.com\/@APELLASER-di2xf"]}]}},"_links":{"self":[{"href":"https:\/\/apellaser.ro\/en\/wp-json\/wp\/v2\/product\/27713","targetHints":{"allow":["GET"]}}],"collection":[{"href":"https:\/\/apellaser.ro\/en\/wp-json\/wp\/v2\/product"}],"about":[{"href":"https:\/\/apellaser.ro\/en\/wp-json\/wp\/v2\/types\/product"}],"version-history":[{"count":7,"href":"https:\/\/apellaser.ro\/en\/wp-json\/wp\/v2\/product\/27713\/revisions"}],"predecessor-version":[{"id":27723,"href":"https:\/\/apellaser.ro\/en\/wp-json\/wp\/v2\/product\/27713\/revisions\/27723"}],"wp:featuredmedia":[{"embeddable":true,"href":"https:\/\/apellaser.ro\/en\/wp-json\/wp\/v2\/media\/27714"}],"wp:attachment":[{"href":"https:\/\/apellaser.ro\/en\/wp-json\/wp\/v2\/media?parent=27713"}],"wp:term":[{"taxonomy":"product_brand","embeddable":true,"href":"https:\/\/apellaser.ro\/en\/wp-json\/wp\/v2\/product_brand?post=27713"},{"taxonomy":"product_cat","embeddable":true,"href":"https:\/\/apellaser.ro\/en\/wp-json\/wp\/v2\/product_cat?post=27713"},{"taxonomy":"product_tag","embeddable":true,"href":"https:\/\/apellaser.ro\/en\/wp-json\/wp\/v2\/product_tag?post=27713"}],"curies":[{"name":"wp","href":"https:\/\/api.w.org\/{rel}","templated":true}]}}