{"id":24624,"date":"2024-01-25T15:24:53","date_gmt":"2024-01-25T13:24:53","guid":{"rendered":"https:\/\/apellaser.ro\/product\/nexview-nx2-3d-optical-profiler-zygo\/"},"modified":"2024-01-26T09:21:52","modified_gmt":"2024-01-26T07:21:52","slug":"nexview-nx2-3d-optical-profiler-zygo","status":"publish","type":"product","link":"https:\/\/apellaser.ro\/en\/product\/nexview-nx2-3d-optical-profiler-zygo\/","title":{"rendered":"Nexview\u2122 NX2 3D Optical Profiler | Zygo"},"content":{"rendered":"<p><strong>Features and Benefits:<\/strong><\/p>\n<p>Multiple data collection techniques provide maximum application fl exibility\u2014 for surface heights from angstroms to millimeters<br \/>\nSureScan\u2122 technology enables precision metrology in vibration-prone environments<br \/>\nSmart PSI technology enables sub-\u00c5 surface metrology in seconds<br \/>\nCorrelation to 2D and 3D standards with compliance to ISO 25178 topography results<br \/>\nStreamlined Mx\u2122 software<br \/>\nBuilt in pass\/fail, SPC, reporting, and run statistics<br \/>\nBuilt in pneumatic vibration isolation<br \/>\nOpen structure provides clear part visibility and access<br \/>\nBuilt in 75 mm head riser accommodates taller samples<br \/>\nOptional thick fi lms analysis for transparent fi lms &gt;400 nm thick<br \/>\nOptional advanced thin fi lms software for fi lms 50-1000 nm<br \/>\nOptional 2D analysis Vision Software Suite<\/p>\n<p><strong>Technical Specifications:<\/strong><\/p>\n<p>Surface Topography Repeatability: 0.06 nm for all magnifi cations<br \/>\nRepeatability of the RMS: 0.005 nm<br \/>\nSample Stage: XY travel: 200 mm<br \/>\nTilt: +\/- 4\u00b0<br \/>\nCapacity: 20 lbs<br \/>\nSystem Options:<br \/>\nEncoded XYZ stages<br \/>\n200&#215;325 mm long travel XY stage<br \/>\nTheta stage<br \/>\nDimensions (H x W x D): 146 \u00d7 73 \u00d7 61 cm (57.48 \u00d7 28.74 \u00d7 24.02 in)<br \/>\nSystem Weight: 248 kg (547 lbs)<\/p>\n","protected":false},"excerpt":{"rendered":"<p>Designed for the most demanding applications, the Nexview\u2122 NX2 3D optical profiler combines exceptional precision, advanced algorithms, application flexibility, and automation into a single package that represents ZYGO&#8217;s most advanced Coherence Scanning Interferometric (CSI) profiler. With applications as varied as flatness, roughness and waviness, thin films, step heights and more on virtually any surface and material, Nexview NX2 truly is the no-compromise profiler.<\/p>\n<p><a href=\"https:\/\/apellaser.ro\/wp-content\/uploads\/2024\/01\/Brochure-Nexview\u2122-NX2-3D-Optical-Profiler.pdf\"><button class=\"buton-resurse\">Brochure<\/button><\/a><a href=\"https:\/\/www.zygo.com\/products\/metrology-systems\/3d-optical-profilers\/nexview-nx2\" target=\"_blank\" rel=\"noopener\"><button class=\"buton-resurse\">Manufacturer<\/button><\/a><\/p>\n","protected":false},"featured_media":24625,"template":"","meta":[],"product_brand":[],"product_cat":[2856,2559],"product_tag":[],"class_list":{"0":"post-24624","1":"product","2":"type-product","3":"status-publish","4":"has-post-thumbnail","6":"product_cat-3d-optical-profilometers","7":"product_cat-optics-and-optomechanical-components","8":"pa_aplicatii-industrii-engineering","9":"pa_aplicatii-industrii-metrology","10":"pa_aplicatii-industrii-quality-control","11":"pa_aplicatii-industrii-scientific-research","12":"pa_aplicatii-industrii-semiconductor-industry-en-3","13":"pa_aplicatii-industrii-the-deviation-of-the-optical-surface-from-the-design","14":"pa_aplicatii-industrii-the-shape-and-texture-of-the-optical-surface","15":"pa_producator-zygo-corporation-en","16":"pa_tehnica-masurare-3d-en","18":"first","19":"instock","20":"shipping-taxable","21":"product-type-simple"},"yoast_head":"<!-- This site is optimized with the Yoast SEO plugin v27.4 - https:\/\/yoast.com\/product\/yoast-seo-wordpress\/ -->\n<title>Nexview\u2122 NX2 3D Optical Profiler | Zygo - APEL LASER<\/title>\n<meta name=\"description\" content=\"The Nexview NX2 3D optical profilometer measures all surfaces, from super-smooth to very rough, with sub-nanometer precision, independent of field of view.\" \/>\n<meta name=\"robots\" content=\"index, follow, max-snippet:-1, max-image-preview:large, max-video-preview:-1\" \/>\n<link rel=\"canonical\" href=\"https:\/\/apellaser.ro\/en\/product\/nexview-nx2-3d-optical-profiler-zygo\/\" \/>\n<meta property=\"og:locale\" content=\"en_US\" \/>\n<meta property=\"og:type\" content=\"article\" \/>\n<meta property=\"og:title\" content=\"Nexview\u2122 NX2 3D Optical Profiler | Zygo - APEL LASER\" \/>\n<meta property=\"og:description\" content=\"The Nexview NX2 3D optical profilometer measures all surfaces, from super-smooth to very rough, with sub-nanometer precision, independent of field of view.\" \/>\n<meta property=\"og:url\" content=\"https:\/\/apellaser.ro\/en\/product\/nexview-nx2-3d-optical-profiler-zygo\/\" \/>\n<meta property=\"og:site_name\" content=\"APEL LASER\" \/>\n<meta property=\"article:publisher\" content=\"https:\/\/www.facebook.com\/apellaser\" \/>\n<meta property=\"article:modified_time\" content=\"2024-01-26T07:21:52+00:00\" \/>\n<meta property=\"og:image\" content=\"https:\/\/apellaser.ro\/wp-content\/uploads\/2024\/01\/Nexview\u2122-NX2-3D-Optical-Profiler.jpeg\" \/>\n\t<meta property=\"og:image:width\" content=\"1080\" \/>\n\t<meta property=\"og:image:height\" content=\"1080\" \/>\n\t<meta property=\"og:image:type\" content=\"image\/jpeg\" \/>\n<meta name=\"twitter:card\" content=\"summary_large_image\" \/>\n<meta name=\"twitter:label1\" content=\"Est. reading time\" \/>\n\t<meta name=\"twitter:data1\" content=\"2 minutes\" \/>\n<script type=\"application\/ld+json\" class=\"yoast-schema-graph\">{\"@context\":\"https:\\\/\\\/schema.org\",\"@graph\":[{\"@type\":\"WebPage\",\"@id\":\"https:\\\/\\\/apellaser.ro\\\/en\\\/product\\\/nexview-nx2-3d-optical-profiler-zygo\\\/\",\"url\":\"https:\\\/\\\/apellaser.ro\\\/en\\\/product\\\/nexview-nx2-3d-optical-profiler-zygo\\\/\",\"name\":\"Nexview\u2122 NX2 3D Optical Profiler | Zygo - APEL LASER\",\"isPartOf\":{\"@id\":\"https:\\\/\\\/apellaser.ro\\\/en\\\/#website\"},\"primaryImageOfPage\":{\"@id\":\"https:\\\/\\\/apellaser.ro\\\/en\\\/product\\\/nexview-nx2-3d-optical-profiler-zygo\\\/#primaryimage\"},\"image\":{\"@id\":\"https:\\\/\\\/apellaser.ro\\\/en\\\/product\\\/nexview-nx2-3d-optical-profiler-zygo\\\/#primaryimage\"},\"thumbnailUrl\":\"https:\\\/\\\/apellaser.ro\\\/wp-content\\\/uploads\\\/2024\\\/01\\\/Nexview\u2122-NX2-3D-Optical-Profiler.jpeg\",\"datePublished\":\"2024-01-25T13:24:53+00:00\",\"dateModified\":\"2024-01-26T07:21:52+00:00\",\"description\":\"The Nexview NX2 3D optical profilometer measures all surfaces, from super-smooth to very rough, with sub-nanometer precision, independent of field of view.\",\"breadcrumb\":{\"@id\":\"https:\\\/\\\/apellaser.ro\\\/en\\\/product\\\/nexview-nx2-3d-optical-profiler-zygo\\\/#breadcrumb\"},\"inLanguage\":\"en-US\",\"potentialAction\":[{\"@type\":\"ReadAction\",\"target\":[\"https:\\\/\\\/apellaser.ro\\\/en\\\/product\\\/nexview-nx2-3d-optical-profiler-zygo\\\/\"]}]},{\"@type\":\"ImageObject\",\"inLanguage\":\"en-US\",\"@id\":\"https:\\\/\\\/apellaser.ro\\\/en\\\/product\\\/nexview-nx2-3d-optical-profiler-zygo\\\/#primaryimage\",\"url\":\"https:\\\/\\\/apellaser.ro\\\/wp-content\\\/uploads\\\/2024\\\/01\\\/Nexview\u2122-NX2-3D-Optical-Profiler.jpeg\",\"contentUrl\":\"https:\\\/\\\/apellaser.ro\\\/wp-content\\\/uploads\\\/2024\\\/01\\\/Nexview\u2122-NX2-3D-Optical-Profiler.jpeg\",\"width\":1080,\"height\":1080,\"caption\":\"Nexview\u2122 NX2 3D Optical Profiler\"},{\"@type\":\"BreadcrumbList\",\"@id\":\"https:\\\/\\\/apellaser.ro\\\/en\\\/product\\\/nexview-nx2-3d-optical-profiler-zygo\\\/#breadcrumb\",\"itemListElement\":[{\"@type\":\"ListItem\",\"position\":1,\"name\":\"Prima pagin\u0103\",\"item\":\"https:\\\/\\\/apellaser.ro\\\/en\\\/\"},{\"@type\":\"ListItem\",\"position\":2,\"name\":\"Products\",\"item\":\"https:\\\/\\\/apellaser.ro\\\/en\\\/shop\\\/\"},{\"@type\":\"ListItem\",\"position\":3,\"name\":\"Nexview\u2122 NX2 3D Optical Profiler | Zygo\"}]},{\"@type\":\"WebSite\",\"@id\":\"https:\\\/\\\/apellaser.ro\\\/en\\\/#website\",\"url\":\"https:\\\/\\\/apellaser.ro\\\/en\\\/\",\"name\":\"APEL LASER\",\"description\":\"INOVATIE SI PERFORMANTA DE 20 DE ANI\",\"publisher\":{\"@id\":\"https:\\\/\\\/apellaser.ro\\\/en\\\/#organization\"},\"potentialAction\":[{\"@type\":\"SearchAction\",\"target\":{\"@type\":\"EntryPoint\",\"urlTemplate\":\"https:\\\/\\\/apellaser.ro\\\/en\\\/?s={search_term_string}\"},\"query-input\":{\"@type\":\"PropertyValueSpecification\",\"valueRequired\":true,\"valueName\":\"search_term_string\"}}],\"inLanguage\":\"en-US\"},{\"@type\":\"Organization\",\"@id\":\"https:\\\/\\\/apellaser.ro\\\/en\\\/#organization\",\"name\":\"ApelLaser\",\"url\":\"https:\\\/\\\/apellaser.ro\\\/en\\\/\",\"logo\":{\"@type\":\"ImageObject\",\"inLanguage\":\"en-US\",\"@id\":\"https:\\\/\\\/apellaser.ro\\\/en\\\/#\\\/schema\\\/logo\\\/image\\\/\",\"url\":\"https:\\\/\\\/apellaser.ro\\\/wp-content\\\/uploads\\\/2023\\\/08\\\/logo-apel-laser.png\",\"contentUrl\":\"https:\\\/\\\/apellaser.ro\\\/wp-content\\\/uploads\\\/2023\\\/08\\\/logo-apel-laser.png\",\"width\":1000,\"height\":500,\"caption\":\"ApelLaser\"},\"image\":{\"@id\":\"https:\\\/\\\/apellaser.ro\\\/en\\\/#\\\/schema\\\/logo\\\/image\\\/\"},\"sameAs\":[\"https:\\\/\\\/www.facebook.com\\\/apellaser\",\"https:\\\/\\\/www.linkedin.com\\\/company\\\/apel-laser\\\/\",\"https:\\\/\\\/www.youtube.com\\\/@APELLASER-di2xf\"]}]}<\/script>\n<!-- \/ Yoast SEO plugin. -->","yoast_head_json":{"title":"Nexview\u2122 NX2 3D Optical Profiler | Zygo - APEL LASER","description":"The Nexview NX2 3D optical profilometer measures all surfaces, from super-smooth to very rough, with sub-nanometer precision, independent of field of view.","robots":{"index":"index","follow":"follow","max-snippet":"max-snippet:-1","max-image-preview":"max-image-preview:large","max-video-preview":"max-video-preview:-1"},"canonical":"https:\/\/apellaser.ro\/en\/product\/nexview-nx2-3d-optical-profiler-zygo\/","og_locale":"en_US","og_type":"article","og_title":"Nexview\u2122 NX2 3D Optical Profiler | Zygo - APEL LASER","og_description":"The Nexview NX2 3D optical profilometer measures all surfaces, from super-smooth to very rough, with sub-nanometer precision, independent of field of view.","og_url":"https:\/\/apellaser.ro\/en\/product\/nexview-nx2-3d-optical-profiler-zygo\/","og_site_name":"APEL LASER","article_publisher":"https:\/\/www.facebook.com\/apellaser","article_modified_time":"2024-01-26T07:21:52+00:00","og_image":[{"width":1080,"height":1080,"url":"https:\/\/apellaser.ro\/wp-content\/uploads\/2024\/01\/Nexview\u2122-NX2-3D-Optical-Profiler.jpeg","type":"image\/jpeg"}],"twitter_card":"summary_large_image","twitter_misc":{"Est. reading time":"2 minutes"},"schema":{"@context":"https:\/\/schema.org","@graph":[{"@type":"WebPage","@id":"https:\/\/apellaser.ro\/en\/product\/nexview-nx2-3d-optical-profiler-zygo\/","url":"https:\/\/apellaser.ro\/en\/product\/nexview-nx2-3d-optical-profiler-zygo\/","name":"Nexview\u2122 NX2 3D Optical Profiler | Zygo - APEL LASER","isPartOf":{"@id":"https:\/\/apellaser.ro\/en\/#website"},"primaryImageOfPage":{"@id":"https:\/\/apellaser.ro\/en\/product\/nexview-nx2-3d-optical-profiler-zygo\/#primaryimage"},"image":{"@id":"https:\/\/apellaser.ro\/en\/product\/nexview-nx2-3d-optical-profiler-zygo\/#primaryimage"},"thumbnailUrl":"https:\/\/apellaser.ro\/wp-content\/uploads\/2024\/01\/Nexview\u2122-NX2-3D-Optical-Profiler.jpeg","datePublished":"2024-01-25T13:24:53+00:00","dateModified":"2024-01-26T07:21:52+00:00","description":"The Nexview NX2 3D optical profilometer measures all surfaces, from super-smooth to very rough, with sub-nanometer precision, independent of field of view.","breadcrumb":{"@id":"https:\/\/apellaser.ro\/en\/product\/nexview-nx2-3d-optical-profiler-zygo\/#breadcrumb"},"inLanguage":"en-US","potentialAction":[{"@type":"ReadAction","target":["https:\/\/apellaser.ro\/en\/product\/nexview-nx2-3d-optical-profiler-zygo\/"]}]},{"@type":"ImageObject","inLanguage":"en-US","@id":"https:\/\/apellaser.ro\/en\/product\/nexview-nx2-3d-optical-profiler-zygo\/#primaryimage","url":"https:\/\/apellaser.ro\/wp-content\/uploads\/2024\/01\/Nexview\u2122-NX2-3D-Optical-Profiler.jpeg","contentUrl":"https:\/\/apellaser.ro\/wp-content\/uploads\/2024\/01\/Nexview\u2122-NX2-3D-Optical-Profiler.jpeg","width":1080,"height":1080,"caption":"Nexview\u2122 NX2 3D Optical Profiler"},{"@type":"BreadcrumbList","@id":"https:\/\/apellaser.ro\/en\/product\/nexview-nx2-3d-optical-profiler-zygo\/#breadcrumb","itemListElement":[{"@type":"ListItem","position":1,"name":"Prima pagin\u0103","item":"https:\/\/apellaser.ro\/en\/"},{"@type":"ListItem","position":2,"name":"Products","item":"https:\/\/apellaser.ro\/en\/shop\/"},{"@type":"ListItem","position":3,"name":"Nexview\u2122 NX2 3D Optical Profiler | Zygo"}]},{"@type":"WebSite","@id":"https:\/\/apellaser.ro\/en\/#website","url":"https:\/\/apellaser.ro\/en\/","name":"APEL LASER","description":"INOVATIE SI PERFORMANTA DE 20 DE ANI","publisher":{"@id":"https:\/\/apellaser.ro\/en\/#organization"},"potentialAction":[{"@type":"SearchAction","target":{"@type":"EntryPoint","urlTemplate":"https:\/\/apellaser.ro\/en\/?s={search_term_string}"},"query-input":{"@type":"PropertyValueSpecification","valueRequired":true,"valueName":"search_term_string"}}],"inLanguage":"en-US"},{"@type":"Organization","@id":"https:\/\/apellaser.ro\/en\/#organization","name":"ApelLaser","url":"https:\/\/apellaser.ro\/en\/","logo":{"@type":"ImageObject","inLanguage":"en-US","@id":"https:\/\/apellaser.ro\/en\/#\/schema\/logo\/image\/","url":"https:\/\/apellaser.ro\/wp-content\/uploads\/2023\/08\/logo-apel-laser.png","contentUrl":"https:\/\/apellaser.ro\/wp-content\/uploads\/2023\/08\/logo-apel-laser.png","width":1000,"height":500,"caption":"ApelLaser"},"image":{"@id":"https:\/\/apellaser.ro\/en\/#\/schema\/logo\/image\/"},"sameAs":["https:\/\/www.facebook.com\/apellaser","https:\/\/www.linkedin.com\/company\/apel-laser\/","https:\/\/www.youtube.com\/@APELLASER-di2xf"]}]}},"_links":{"self":[{"href":"https:\/\/apellaser.ro\/en\/wp-json\/wp\/v2\/product\/24624","targetHints":{"allow":["GET"]}}],"collection":[{"href":"https:\/\/apellaser.ro\/en\/wp-json\/wp\/v2\/product"}],"about":[{"href":"https:\/\/apellaser.ro\/en\/wp-json\/wp\/v2\/types\/product"}],"version-history":[{"count":2,"href":"https:\/\/apellaser.ro\/en\/wp-json\/wp\/v2\/product\/24624\/revisions"}],"predecessor-version":[{"id":24632,"href":"https:\/\/apellaser.ro\/en\/wp-json\/wp\/v2\/product\/24624\/revisions\/24632"}],"wp:featuredmedia":[{"embeddable":true,"href":"https:\/\/apellaser.ro\/en\/wp-json\/wp\/v2\/media\/24625"}],"wp:attachment":[{"href":"https:\/\/apellaser.ro\/en\/wp-json\/wp\/v2\/media?parent=24624"}],"wp:term":[{"taxonomy":"product_brand","embeddable":true,"href":"https:\/\/apellaser.ro\/en\/wp-json\/wp\/v2\/product_brand?post=24624"},{"taxonomy":"product_cat","embeddable":true,"href":"https:\/\/apellaser.ro\/en\/wp-json\/wp\/v2\/product_cat?post=24624"},{"taxonomy":"product_tag","embeddable":true,"href":"https:\/\/apellaser.ro\/en\/wp-json\/wp\/v2\/product_tag?post=24624"}],"curies":[{"name":"wp","href":"https:\/\/api.w.org\/{rel}","templated":true}]}}