{"id":23879,"date":"2023-12-11T12:53:46","date_gmt":"2023-12-11T10:53:46","guid":{"rendered":"https:\/\/apellaser.ro\/product\/aerosol-electrometer-3068b-tsi\/"},"modified":"2023-12-13T09:32:54","modified_gmt":"2023-12-13T07:32:54","slug":"aerosol-electrometer-3068b-tsi","status":"publish","type":"product","link":"https:\/\/apellaser.ro\/en\/product\/aerosol-electrometer-3068b-tsi\/","title":{"rendered":"Aerosol Electrometer 3068B | TSI"},"content":{"rendered":"<p><strong>Features &amp; Benefits:<\/strong><\/p>\n<p>Provides readings in real time.<br \/>\nIncreased sensitivity\u2014\u00b11 fA (two times better than Model 3068A).<br \/>\nWide dynamic range with no range settings(\u00b112,500 fA).<br \/>\nTemperature stabilized to significantly reduce drift.<br \/>\nAutomatic flow control (0.3 to 10 L\/min) when used with external vacuum source.<br \/>\nReduced internal particle losses.<br \/>\nModern communications with RS-232 and USB interface.<br \/>\nMembrane touch-panel with two-line, LCD alphanumeric display.<br \/>\nDigital displays of either current or concentration and flow rate.<br \/>\nFundamental particle concentration measurement when used with a TSI Electrostatic Classifier.<br \/>\nWide particle size range (0.002 to 5.0 \u00b5m)<\/p>\n<p><strong>Technical Specifications:<\/strong><br \/>\nMeasurement Range: \u00b112,500 fA<br \/>\nOperational Temperature Range: 5 to 35\u00b0C (ambient)<br \/>\nStorage Temperature Range: -20 to 50\u00b0C<br \/>\nFlow Accuracy: 0.3 to 2 L\/min (\u00b13%); 2.0 to 10 L\/min (\u00b15%)<br \/>\nParticle Size Range: 0.002 to 5 \u03bcm<br \/>\nParticle Type: Solids and nonvolatile liquids<br \/>\nDimensions (H x W x D): 19.6 \u00d7 21.3 \u00d7 30.4 cm (7.7 \u00d7 8.4 \u00d7 12 in.)<br \/>\nWeight: 4.5 kg (9.9 lb.)<br \/>\nPower Requirement: 50 to 60 Hz, 100\/120\/230\/240 VAC, 0.1\/0.1\/0.05 0.05 A<br \/>\nSoftware: Aerosol Instrument Manager\u00ae software supplied with instrument (RS-232 and USB-compatible)<\/p>\n","protected":false},"excerpt":{"rendered":"<p>The Aerosol Electrometer 3068B provides accurate measurements of electrical current and flow rate. It measures total net charge on aerosol particles from 0.002 to 5 \u00b5m. When paired with a TSI Electrostatic Classifier, the Aerosol Electrometer measures the number concentration of monodisperse aerosol. This configuration is used primarily for calibrating and testing particle instruments like Condensation Particle Counters.<\/p>\n<p><a href=\"https:\/\/apellaser.ro\/wp-content\/uploads\/2023\/12\/Brochure-Aerosol-Electrometer-3068B.pdf\"><button class=\"buton-resurse\">Brochure<\/button><\/a><a href=\"https:\/\/tsi.com\/products\/particle-counters-and-detectors\/aerosol-electrometer\/aerosol-electrometer-3068b\/\" target=\"_blank\" rel=\"noopener\"><button class=\"buton-resurse\">Manufacturer<\/button><\/a><\/p>\n","protected":false},"featured_media":23880,"template":"","meta":[],"product_brand":[],"product_cat":[2365,2826],"product_tag":[],"class_list":{"0":"post-23879","1":"product","2":"type-product","3":"status-publish","4":"has-post-thumbnail","6":"product_cat-analytical-instruments","7":"product_cat-particle-size-analyzers","8":"pa_aplicatii-industrii-atmospheric-chemistry","9":"pa_aplicatii-industrii-pharmaceutical-industry","10":"pa_aplicatii-industrii-studies-on-the-formation-and-growth-of-particles-indoor-air-quality-measurements-environmental-research-studies-on-inhalation-toxicology-studies-on-urban-air-studies-on-emissions","11":"pa_producator-tsi-en","13":"first","14":"instock","15":"shipping-taxable","16":"product-type-simple"},"yoast_head":"<!-- This site is optimized with the Yoast SEO plugin v27.3 - https:\/\/yoast.com\/product\/yoast-seo-wordpress\/ -->\n<title>Aerosol Electrometer 3068B | TSI - APEL LASER<\/title>\n<meta name=\"description\" content=\"Achieve precise measurements of electrical current and flow rate with the Aerosol Electrometer 3068B.Elevate your aerosol measurement capabilities with this essential instrument.\" \/>\n<meta name=\"robots\" content=\"index, follow, max-snippet:-1, max-image-preview:large, max-video-preview:-1\" \/>\n<link rel=\"canonical\" href=\"https:\/\/apellaser.ro\/en\/product\/aerosol-electrometer-3068b-tsi\/\" \/>\n<meta property=\"og:locale\" content=\"en_US\" \/>\n<meta property=\"og:type\" content=\"article\" \/>\n<meta property=\"og:title\" content=\"Aerosol Electrometer 3068B | TSI - APEL LASER\" \/>\n<meta property=\"og:description\" content=\"Achieve precise measurements of electrical current and flow rate with the Aerosol Electrometer 3068B.Elevate your aerosol measurement capabilities with this essential instrument.\" \/>\n<meta property=\"og:url\" content=\"https:\/\/apellaser.ro\/en\/product\/aerosol-electrometer-3068b-tsi\/\" \/>\n<meta property=\"og:site_name\" content=\"APEL LASER\" \/>\n<meta property=\"article:publisher\" content=\"https:\/\/www.facebook.com\/apellaser\" \/>\n<meta property=\"article:modified_time\" content=\"2023-12-13T07:32:54+00:00\" \/>\n<meta property=\"og:image\" content=\"https:\/\/apellaser.ro\/wp-content\/uploads\/2023\/12\/Aerosol-Electrometer-3068B.jpeg\" \/>\n\t<meta property=\"og:image:width\" content=\"1024\" \/>\n\t<meta property=\"og:image:height\" content=\"768\" \/>\n\t<meta property=\"og:image:type\" content=\"image\/jpeg\" \/>\n<meta name=\"twitter:card\" content=\"summary_large_image\" \/>\n<meta name=\"twitter:label1\" content=\"Est. reading time\" \/>\n\t<meta name=\"twitter:data1\" content=\"1 minute\" \/>\n<script type=\"application\/ld+json\" class=\"yoast-schema-graph\">{\"@context\":\"https:\\\/\\\/schema.org\",\"@graph\":[{\"@type\":\"WebPage\",\"@id\":\"https:\\\/\\\/apellaser.ro\\\/en\\\/product\\\/aerosol-electrometer-3068b-tsi\\\/\",\"url\":\"https:\\\/\\\/apellaser.ro\\\/en\\\/product\\\/aerosol-electrometer-3068b-tsi\\\/\",\"name\":\"Aerosol Electrometer 3068B | TSI - APEL LASER\",\"isPartOf\":{\"@id\":\"https:\\\/\\\/apellaser.ro\\\/en\\\/#website\"},\"primaryImageOfPage\":{\"@id\":\"https:\\\/\\\/apellaser.ro\\\/en\\\/product\\\/aerosol-electrometer-3068b-tsi\\\/#primaryimage\"},\"image\":{\"@id\":\"https:\\\/\\\/apellaser.ro\\\/en\\\/product\\\/aerosol-electrometer-3068b-tsi\\\/#primaryimage\"},\"thumbnailUrl\":\"https:\\\/\\\/apellaser.ro\\\/wp-content\\\/uploads\\\/2023\\\/12\\\/Aerosol-Electrometer-3068B.jpeg\",\"datePublished\":\"2023-12-11T10:53:46+00:00\",\"dateModified\":\"2023-12-13T07:32:54+00:00\",\"description\":\"Achieve precise measurements of electrical current and flow rate with the Aerosol Electrometer 3068B.Elevate your aerosol measurement capabilities with this essential instrument.\",\"breadcrumb\":{\"@id\":\"https:\\\/\\\/apellaser.ro\\\/en\\\/product\\\/aerosol-electrometer-3068b-tsi\\\/#breadcrumb\"},\"inLanguage\":\"en-US\",\"potentialAction\":[{\"@type\":\"ReadAction\",\"target\":[\"https:\\\/\\\/apellaser.ro\\\/en\\\/product\\\/aerosol-electrometer-3068b-tsi\\\/\"]}]},{\"@type\":\"ImageObject\",\"inLanguage\":\"en-US\",\"@id\":\"https:\\\/\\\/apellaser.ro\\\/en\\\/product\\\/aerosol-electrometer-3068b-tsi\\\/#primaryimage\",\"url\":\"https:\\\/\\\/apellaser.ro\\\/wp-content\\\/uploads\\\/2023\\\/12\\\/Aerosol-Electrometer-3068B.jpeg\",\"contentUrl\":\"https:\\\/\\\/apellaser.ro\\\/wp-content\\\/uploads\\\/2023\\\/12\\\/Aerosol-Electrometer-3068B.jpeg\",\"width\":1024,\"height\":768,\"caption\":\"Aerosol Electrometer 3068B\"},{\"@type\":\"BreadcrumbList\",\"@id\":\"https:\\\/\\\/apellaser.ro\\\/en\\\/product\\\/aerosol-electrometer-3068b-tsi\\\/#breadcrumb\",\"itemListElement\":[{\"@type\":\"ListItem\",\"position\":1,\"name\":\"Prima pagin\u0103\",\"item\":\"https:\\\/\\\/apellaser.ro\\\/en\\\/\"},{\"@type\":\"ListItem\",\"position\":2,\"name\":\"Products\",\"item\":\"https:\\\/\\\/apellaser.ro\\\/en\\\/shop\\\/\"},{\"@type\":\"ListItem\",\"position\":3,\"name\":\"Aerosol Electrometer 3068B | TSI\"}]},{\"@type\":\"WebSite\",\"@id\":\"https:\\\/\\\/apellaser.ro\\\/en\\\/#website\",\"url\":\"https:\\\/\\\/apellaser.ro\\\/en\\\/\",\"name\":\"APEL LASER\",\"description\":\"INOVATIE SI PERFORMANTA DE 20 DE ANI\",\"publisher\":{\"@id\":\"https:\\\/\\\/apellaser.ro\\\/en\\\/#organization\"},\"potentialAction\":[{\"@type\":\"SearchAction\",\"target\":{\"@type\":\"EntryPoint\",\"urlTemplate\":\"https:\\\/\\\/apellaser.ro\\\/en\\\/?s={search_term_string}\"},\"query-input\":{\"@type\":\"PropertyValueSpecification\",\"valueRequired\":true,\"valueName\":\"search_term_string\"}}],\"inLanguage\":\"en-US\"},{\"@type\":\"Organization\",\"@id\":\"https:\\\/\\\/apellaser.ro\\\/en\\\/#organization\",\"name\":\"ApelLaser\",\"url\":\"https:\\\/\\\/apellaser.ro\\\/en\\\/\",\"logo\":{\"@type\":\"ImageObject\",\"inLanguage\":\"en-US\",\"@id\":\"https:\\\/\\\/apellaser.ro\\\/en\\\/#\\\/schema\\\/logo\\\/image\\\/\",\"url\":\"https:\\\/\\\/apellaser.ro\\\/wp-content\\\/uploads\\\/2023\\\/08\\\/logo-apel-laser.png\",\"contentUrl\":\"https:\\\/\\\/apellaser.ro\\\/wp-content\\\/uploads\\\/2023\\\/08\\\/logo-apel-laser.png\",\"width\":1000,\"height\":500,\"caption\":\"ApelLaser\"},\"image\":{\"@id\":\"https:\\\/\\\/apellaser.ro\\\/en\\\/#\\\/schema\\\/logo\\\/image\\\/\"},\"sameAs\":[\"https:\\\/\\\/www.facebook.com\\\/apellaser\",\"https:\\\/\\\/www.linkedin.com\\\/company\\\/apel-laser\\\/\",\"https:\\\/\\\/www.youtube.com\\\/@APELLASER-di2xf\"]}]}<\/script>\n<!-- \/ Yoast SEO plugin. -->","yoast_head_json":{"title":"Aerosol Electrometer 3068B | TSI - APEL LASER","description":"Achieve precise measurements of electrical current and flow rate with the Aerosol Electrometer 3068B.Elevate your aerosol measurement capabilities with this essential instrument.","robots":{"index":"index","follow":"follow","max-snippet":"max-snippet:-1","max-image-preview":"max-image-preview:large","max-video-preview":"max-video-preview:-1"},"canonical":"https:\/\/apellaser.ro\/en\/product\/aerosol-electrometer-3068b-tsi\/","og_locale":"en_US","og_type":"article","og_title":"Aerosol Electrometer 3068B | TSI - APEL LASER","og_description":"Achieve precise measurements of electrical current and flow rate with the Aerosol Electrometer 3068B.Elevate your aerosol measurement capabilities with this essential instrument.","og_url":"https:\/\/apellaser.ro\/en\/product\/aerosol-electrometer-3068b-tsi\/","og_site_name":"APEL LASER","article_publisher":"https:\/\/www.facebook.com\/apellaser","article_modified_time":"2023-12-13T07:32:54+00:00","og_image":[{"width":1024,"height":768,"url":"https:\/\/apellaser.ro\/wp-content\/uploads\/2023\/12\/Aerosol-Electrometer-3068B.jpeg","type":"image\/jpeg"}],"twitter_card":"summary_large_image","twitter_misc":{"Est. reading time":"1 minute"},"schema":{"@context":"https:\/\/schema.org","@graph":[{"@type":"WebPage","@id":"https:\/\/apellaser.ro\/en\/product\/aerosol-electrometer-3068b-tsi\/","url":"https:\/\/apellaser.ro\/en\/product\/aerosol-electrometer-3068b-tsi\/","name":"Aerosol Electrometer 3068B | TSI - APEL LASER","isPartOf":{"@id":"https:\/\/apellaser.ro\/en\/#website"},"primaryImageOfPage":{"@id":"https:\/\/apellaser.ro\/en\/product\/aerosol-electrometer-3068b-tsi\/#primaryimage"},"image":{"@id":"https:\/\/apellaser.ro\/en\/product\/aerosol-electrometer-3068b-tsi\/#primaryimage"},"thumbnailUrl":"https:\/\/apellaser.ro\/wp-content\/uploads\/2023\/12\/Aerosol-Electrometer-3068B.jpeg","datePublished":"2023-12-11T10:53:46+00:00","dateModified":"2023-12-13T07:32:54+00:00","description":"Achieve precise measurements of electrical current and flow rate with the Aerosol Electrometer 3068B.Elevate your aerosol measurement capabilities with this essential instrument.","breadcrumb":{"@id":"https:\/\/apellaser.ro\/en\/product\/aerosol-electrometer-3068b-tsi\/#breadcrumb"},"inLanguage":"en-US","potentialAction":[{"@type":"ReadAction","target":["https:\/\/apellaser.ro\/en\/product\/aerosol-electrometer-3068b-tsi\/"]}]},{"@type":"ImageObject","inLanguage":"en-US","@id":"https:\/\/apellaser.ro\/en\/product\/aerosol-electrometer-3068b-tsi\/#primaryimage","url":"https:\/\/apellaser.ro\/wp-content\/uploads\/2023\/12\/Aerosol-Electrometer-3068B.jpeg","contentUrl":"https:\/\/apellaser.ro\/wp-content\/uploads\/2023\/12\/Aerosol-Electrometer-3068B.jpeg","width":1024,"height":768,"caption":"Aerosol Electrometer 3068B"},{"@type":"BreadcrumbList","@id":"https:\/\/apellaser.ro\/en\/product\/aerosol-electrometer-3068b-tsi\/#breadcrumb","itemListElement":[{"@type":"ListItem","position":1,"name":"Prima pagin\u0103","item":"https:\/\/apellaser.ro\/en\/"},{"@type":"ListItem","position":2,"name":"Products","item":"https:\/\/apellaser.ro\/en\/shop\/"},{"@type":"ListItem","position":3,"name":"Aerosol Electrometer 3068B | TSI"}]},{"@type":"WebSite","@id":"https:\/\/apellaser.ro\/en\/#website","url":"https:\/\/apellaser.ro\/en\/","name":"APEL LASER","description":"INOVATIE SI PERFORMANTA DE 20 DE ANI","publisher":{"@id":"https:\/\/apellaser.ro\/en\/#organization"},"potentialAction":[{"@type":"SearchAction","target":{"@type":"EntryPoint","urlTemplate":"https:\/\/apellaser.ro\/en\/?s={search_term_string}"},"query-input":{"@type":"PropertyValueSpecification","valueRequired":true,"valueName":"search_term_string"}}],"inLanguage":"en-US"},{"@type":"Organization","@id":"https:\/\/apellaser.ro\/en\/#organization","name":"ApelLaser","url":"https:\/\/apellaser.ro\/en\/","logo":{"@type":"ImageObject","inLanguage":"en-US","@id":"https:\/\/apellaser.ro\/en\/#\/schema\/logo\/image\/","url":"https:\/\/apellaser.ro\/wp-content\/uploads\/2023\/08\/logo-apel-laser.png","contentUrl":"https:\/\/apellaser.ro\/wp-content\/uploads\/2023\/08\/logo-apel-laser.png","width":1000,"height":500,"caption":"ApelLaser"},"image":{"@id":"https:\/\/apellaser.ro\/en\/#\/schema\/logo\/image\/"},"sameAs":["https:\/\/www.facebook.com\/apellaser","https:\/\/www.linkedin.com\/company\/apel-laser\/","https:\/\/www.youtube.com\/@APELLASER-di2xf"]}]}},"_links":{"self":[{"href":"https:\/\/apellaser.ro\/en\/wp-json\/wp\/v2\/product\/23879","targetHints":{"allow":["GET"]}}],"collection":[{"href":"https:\/\/apellaser.ro\/en\/wp-json\/wp\/v2\/product"}],"about":[{"href":"https:\/\/apellaser.ro\/en\/wp-json\/wp\/v2\/types\/product"}],"version-history":[{"count":2,"href":"https:\/\/apellaser.ro\/en\/wp-json\/wp\/v2\/product\/23879\/revisions"}],"predecessor-version":[{"id":23885,"href":"https:\/\/apellaser.ro\/en\/wp-json\/wp\/v2\/product\/23879\/revisions\/23885"}],"wp:featuredmedia":[{"embeddable":true,"href":"https:\/\/apellaser.ro\/en\/wp-json\/wp\/v2\/media\/23880"}],"wp:attachment":[{"href":"https:\/\/apellaser.ro\/en\/wp-json\/wp\/v2\/media?parent=23879"}],"wp:term":[{"taxonomy":"product_brand","embeddable":true,"href":"https:\/\/apellaser.ro\/en\/wp-json\/wp\/v2\/product_brand?post=23879"},{"taxonomy":"product_cat","embeddable":true,"href":"https:\/\/apellaser.ro\/en\/wp-json\/wp\/v2\/product_cat?post=23879"},{"taxonomy":"product_tag","embeddable":true,"href":"https:\/\/apellaser.ro\/en\/wp-json\/wp\/v2\/product_tag?post=23879"}],"curies":[{"name":"wp","href":"https:\/\/api.w.org\/{rel}","templated":true}]}}