{"id":23871,"date":"2023-12-11T13:08:01","date_gmt":"2023-12-11T11:08:01","guid":{"rendered":"https:\/\/apellaser.ro\/product\/automated-filter-tester-8150-tsi\/"},"modified":"2023-12-13T09:01:14","modified_gmt":"2023-12-13T07:01:14","slug":"automated-filter-tester-8150-tsi","status":"publish","type":"product","link":"https:\/\/apellaser.ro\/en\/product\/automated-filter-tester-8150-tsi\/","title":{"rendered":"Automated Filter Tester 8150 | TSI"},"content":{"rendered":"<p><strong>Features &amp; Benefits:<\/strong><\/p>\n<p>Fast measurement and cycle times for high throughput<br \/>\nExcellent comparability of results to the model 8130A that is used for certification<br \/>\nSmall footprint for easy integration into existing and new production lines<br \/>\nTwo simultaneously measuring photometers for best performance<br \/>\nFast recovery time after detecting defective filters to minimize subsequent false failures<br \/>\nSupports compliance with standards such as US 42 CFR 84, GB2626, and EN 143\/EN 149<br \/>\nIntelligent design for increased uptime<br \/>\nRobust Modbus communication capabilities that go beyond current standard performance in the market<\/p>\n<p><strong>Technical Specifications:<\/strong><\/p>\n<p>Operating Range: Up to 99.9995% efficiency<br \/>\nTechnique: Electronic pressure transducer<br \/>\nAmbient Pressure: 75 to 110 kPa (absolute)<br \/>\nPower: 90 VAC to 250 VAC, 50 Hz to 60 Hz, 10 A max<br \/>\nCompressed Air: 80 psig, 7 scfm (550 kPa, 200 std. L\/min average, 250 std. L\/min max.)<br \/>\nDimensions (L x W x H) 64.5 cm \u00d7 55.5 cm \u00d7 104.5 cm (25.4 in. \u00d7 21.9 in. \u00d7 41.2 in.)<br \/>\nWeight: 100 kg (220 lbs)<\/p>\n","protected":false},"excerpt":{"rendered":"<p>The Automated Filter Tester\u00a08150 is designed for 100% quality assurance testing of P100, FFP3, P3 and similar respiratory filters and cartridges directly in the production line. The 8150 is a highly compact\u00a0automated filter tester with a very small footprint that\u00a0easily fits into any existing and new production lines.<\/p>\n<p><a href=\"https:\/\/apellaser.ro\/wp-content\/uploads\/2023\/12\/Brochure-Automated-Filter-Tester-8150.pdf\"><button class=\"buton-resurse\">Brochure<\/button><\/a><a href=\"https:\/\/tsi.com\/products\/filter-testers\/automated-filter-tester-8150\/\" target=\"_blank\" rel=\"noopener\"><button class=\"buton-resurse\">Manufacturer<\/button><\/a><\/p>\n","protected":false},"featured_media":23872,"template":"","meta":[],"product_brand":[],"product_cat":[2365,3195],"product_tag":[],"class_list":{"0":"post-23871","1":"product","2":"type-product","3":"status-publish","4":"has-post-thumbnail","6":"product_cat-analytical-instruments","7":"product_cat-filter-testing-equipment","8":"pa_aplicatii-industrii-in-line-production-testing-of-p100-ffp3-p3-and-similar-respiratory-filters-and-cartridges","9":"pa_aplicatii-industrii-pharmaceutical-industry","10":"pa_producator-tsi-en","12":"first","13":"instock","14":"shipping-taxable","15":"product-type-simple"},"yoast_head":"<!-- This site is optimized with the Yoast SEO plugin v27.3 - https:\/\/yoast.com\/product\/yoast-seo-wordpress\/ -->\n<title>Automated Filter Tester 8150 | TSI - APEL LASER<\/title>\n<meta name=\"description\" content=\"Designed for 100% quality assurance testing directly in the production line, this compact tester offers repeatable and accurate results.\" \/>\n<meta name=\"robots\" content=\"index, follow, max-snippet:-1, max-image-preview:large, max-video-preview:-1\" \/>\n<link rel=\"canonical\" href=\"https:\/\/apellaser.ro\/en\/product\/automated-filter-tester-8150-tsi\/\" \/>\n<meta property=\"og:locale\" content=\"en_US\" \/>\n<meta property=\"og:type\" content=\"article\" \/>\n<meta property=\"og:title\" content=\"Automated Filter Tester 8150 | TSI - APEL LASER\" \/>\n<meta property=\"og:description\" content=\"Designed for 100% quality assurance testing directly in the production line, this compact tester offers repeatable and accurate results.\" \/>\n<meta property=\"og:url\" content=\"https:\/\/apellaser.ro\/en\/product\/automated-filter-tester-8150-tsi\/\" \/>\n<meta property=\"og:site_name\" content=\"APEL LASER\" \/>\n<meta property=\"article:publisher\" content=\"https:\/\/www.facebook.com\/apellaser\" \/>\n<meta property=\"article:modified_time\" content=\"2023-12-13T07:01:14+00:00\" \/>\n<meta property=\"og:image\" content=\"https:\/\/apellaser.ro\/wp-content\/uploads\/2023\/12\/Automated-Filter-Tester-8150.jpeg\" \/>\n\t<meta property=\"og:image:width\" content=\"1024\" \/>\n\t<meta property=\"og:image:height\" content=\"768\" \/>\n\t<meta property=\"og:image:type\" content=\"image\/jpeg\" \/>\n<meta name=\"twitter:card\" content=\"summary_large_image\" \/>\n<meta name=\"twitter:label1\" content=\"Est. reading time\" \/>\n\t<meta name=\"twitter:data1\" content=\"1 minute\" \/>\n<script type=\"application\/ld+json\" class=\"yoast-schema-graph\">{\"@context\":\"https:\\\/\\\/schema.org\",\"@graph\":[{\"@type\":\"WebPage\",\"@id\":\"https:\\\/\\\/apellaser.ro\\\/en\\\/product\\\/automated-filter-tester-8150-tsi\\\/\",\"url\":\"https:\\\/\\\/apellaser.ro\\\/en\\\/product\\\/automated-filter-tester-8150-tsi\\\/\",\"name\":\"Automated Filter Tester 8150 | TSI - APEL LASER\",\"isPartOf\":{\"@id\":\"https:\\\/\\\/apellaser.ro\\\/en\\\/#website\"},\"primaryImageOfPage\":{\"@id\":\"https:\\\/\\\/apellaser.ro\\\/en\\\/product\\\/automated-filter-tester-8150-tsi\\\/#primaryimage\"},\"image\":{\"@id\":\"https:\\\/\\\/apellaser.ro\\\/en\\\/product\\\/automated-filter-tester-8150-tsi\\\/#primaryimage\"},\"thumbnailUrl\":\"https:\\\/\\\/apellaser.ro\\\/wp-content\\\/uploads\\\/2023\\\/12\\\/Automated-Filter-Tester-8150.jpeg\",\"datePublished\":\"2023-12-11T11:08:01+00:00\",\"dateModified\":\"2023-12-13T07:01:14+00:00\",\"description\":\"Designed for 100% quality assurance testing directly in the production line, this compact tester offers repeatable and accurate results.\",\"breadcrumb\":{\"@id\":\"https:\\\/\\\/apellaser.ro\\\/en\\\/product\\\/automated-filter-tester-8150-tsi\\\/#breadcrumb\"},\"inLanguage\":\"en-US\",\"potentialAction\":[{\"@type\":\"ReadAction\",\"target\":[\"https:\\\/\\\/apellaser.ro\\\/en\\\/product\\\/automated-filter-tester-8150-tsi\\\/\"]}]},{\"@type\":\"ImageObject\",\"inLanguage\":\"en-US\",\"@id\":\"https:\\\/\\\/apellaser.ro\\\/en\\\/product\\\/automated-filter-tester-8150-tsi\\\/#primaryimage\",\"url\":\"https:\\\/\\\/apellaser.ro\\\/wp-content\\\/uploads\\\/2023\\\/12\\\/Automated-Filter-Tester-8150.jpeg\",\"contentUrl\":\"https:\\\/\\\/apellaser.ro\\\/wp-content\\\/uploads\\\/2023\\\/12\\\/Automated-Filter-Tester-8150.jpeg\",\"width\":1024,\"height\":768,\"caption\":\"Automated Filter Tester 8150\"},{\"@type\":\"BreadcrumbList\",\"@id\":\"https:\\\/\\\/apellaser.ro\\\/en\\\/product\\\/automated-filter-tester-8150-tsi\\\/#breadcrumb\",\"itemListElement\":[{\"@type\":\"ListItem\",\"position\":1,\"name\":\"Prima pagin\u0103\",\"item\":\"https:\\\/\\\/apellaser.ro\\\/en\\\/\"},{\"@type\":\"ListItem\",\"position\":2,\"name\":\"Products\",\"item\":\"https:\\\/\\\/apellaser.ro\\\/en\\\/shop\\\/\"},{\"@type\":\"ListItem\",\"position\":3,\"name\":\"Automated Filter Tester 8150 | TSI\"}]},{\"@type\":\"WebSite\",\"@id\":\"https:\\\/\\\/apellaser.ro\\\/en\\\/#website\",\"url\":\"https:\\\/\\\/apellaser.ro\\\/en\\\/\",\"name\":\"APEL LASER\",\"description\":\"INOVATIE SI PERFORMANTA DE 20 DE ANI\",\"publisher\":{\"@id\":\"https:\\\/\\\/apellaser.ro\\\/en\\\/#organization\"},\"potentialAction\":[{\"@type\":\"SearchAction\",\"target\":{\"@type\":\"EntryPoint\",\"urlTemplate\":\"https:\\\/\\\/apellaser.ro\\\/en\\\/?s={search_term_string}\"},\"query-input\":{\"@type\":\"PropertyValueSpecification\",\"valueRequired\":true,\"valueName\":\"search_term_string\"}}],\"inLanguage\":\"en-US\"},{\"@type\":\"Organization\",\"@id\":\"https:\\\/\\\/apellaser.ro\\\/en\\\/#organization\",\"name\":\"ApelLaser\",\"url\":\"https:\\\/\\\/apellaser.ro\\\/en\\\/\",\"logo\":{\"@type\":\"ImageObject\",\"inLanguage\":\"en-US\",\"@id\":\"https:\\\/\\\/apellaser.ro\\\/en\\\/#\\\/schema\\\/logo\\\/image\\\/\",\"url\":\"https:\\\/\\\/apellaser.ro\\\/wp-content\\\/uploads\\\/2023\\\/08\\\/logo-apel-laser.png\",\"contentUrl\":\"https:\\\/\\\/apellaser.ro\\\/wp-content\\\/uploads\\\/2023\\\/08\\\/logo-apel-laser.png\",\"width\":1000,\"height\":500,\"caption\":\"ApelLaser\"},\"image\":{\"@id\":\"https:\\\/\\\/apellaser.ro\\\/en\\\/#\\\/schema\\\/logo\\\/image\\\/\"},\"sameAs\":[\"https:\\\/\\\/www.facebook.com\\\/apellaser\",\"https:\\\/\\\/www.linkedin.com\\\/company\\\/apel-laser\\\/\",\"https:\\\/\\\/www.youtube.com\\\/@APELLASER-di2xf\"]}]}<\/script>\n<!-- \/ Yoast SEO plugin. -->","yoast_head_json":{"title":"Automated Filter Tester 8150 | TSI - APEL LASER","description":"Designed for 100% quality assurance testing directly in the production line, this compact tester offers repeatable and accurate results.","robots":{"index":"index","follow":"follow","max-snippet":"max-snippet:-1","max-image-preview":"max-image-preview:large","max-video-preview":"max-video-preview:-1"},"canonical":"https:\/\/apellaser.ro\/en\/product\/automated-filter-tester-8150-tsi\/","og_locale":"en_US","og_type":"article","og_title":"Automated Filter Tester 8150 | TSI - APEL LASER","og_description":"Designed for 100% quality assurance testing directly in the production line, this compact tester offers repeatable and accurate results.","og_url":"https:\/\/apellaser.ro\/en\/product\/automated-filter-tester-8150-tsi\/","og_site_name":"APEL LASER","article_publisher":"https:\/\/www.facebook.com\/apellaser","article_modified_time":"2023-12-13T07:01:14+00:00","og_image":[{"width":1024,"height":768,"url":"https:\/\/apellaser.ro\/wp-content\/uploads\/2023\/12\/Automated-Filter-Tester-8150.jpeg","type":"image\/jpeg"}],"twitter_card":"summary_large_image","twitter_misc":{"Est. reading time":"1 minute"},"schema":{"@context":"https:\/\/schema.org","@graph":[{"@type":"WebPage","@id":"https:\/\/apellaser.ro\/en\/product\/automated-filter-tester-8150-tsi\/","url":"https:\/\/apellaser.ro\/en\/product\/automated-filter-tester-8150-tsi\/","name":"Automated Filter Tester 8150 | TSI - APEL LASER","isPartOf":{"@id":"https:\/\/apellaser.ro\/en\/#website"},"primaryImageOfPage":{"@id":"https:\/\/apellaser.ro\/en\/product\/automated-filter-tester-8150-tsi\/#primaryimage"},"image":{"@id":"https:\/\/apellaser.ro\/en\/product\/automated-filter-tester-8150-tsi\/#primaryimage"},"thumbnailUrl":"https:\/\/apellaser.ro\/wp-content\/uploads\/2023\/12\/Automated-Filter-Tester-8150.jpeg","datePublished":"2023-12-11T11:08:01+00:00","dateModified":"2023-12-13T07:01:14+00:00","description":"Designed for 100% quality assurance testing directly in the production line, this compact tester offers repeatable and accurate results.","breadcrumb":{"@id":"https:\/\/apellaser.ro\/en\/product\/automated-filter-tester-8150-tsi\/#breadcrumb"},"inLanguage":"en-US","potentialAction":[{"@type":"ReadAction","target":["https:\/\/apellaser.ro\/en\/product\/automated-filter-tester-8150-tsi\/"]}]},{"@type":"ImageObject","inLanguage":"en-US","@id":"https:\/\/apellaser.ro\/en\/product\/automated-filter-tester-8150-tsi\/#primaryimage","url":"https:\/\/apellaser.ro\/wp-content\/uploads\/2023\/12\/Automated-Filter-Tester-8150.jpeg","contentUrl":"https:\/\/apellaser.ro\/wp-content\/uploads\/2023\/12\/Automated-Filter-Tester-8150.jpeg","width":1024,"height":768,"caption":"Automated Filter Tester 8150"},{"@type":"BreadcrumbList","@id":"https:\/\/apellaser.ro\/en\/product\/automated-filter-tester-8150-tsi\/#breadcrumb","itemListElement":[{"@type":"ListItem","position":1,"name":"Prima pagin\u0103","item":"https:\/\/apellaser.ro\/en\/"},{"@type":"ListItem","position":2,"name":"Products","item":"https:\/\/apellaser.ro\/en\/shop\/"},{"@type":"ListItem","position":3,"name":"Automated Filter Tester 8150 | TSI"}]},{"@type":"WebSite","@id":"https:\/\/apellaser.ro\/en\/#website","url":"https:\/\/apellaser.ro\/en\/","name":"APEL LASER","description":"INOVATIE SI PERFORMANTA DE 20 DE ANI","publisher":{"@id":"https:\/\/apellaser.ro\/en\/#organization"},"potentialAction":[{"@type":"SearchAction","target":{"@type":"EntryPoint","urlTemplate":"https:\/\/apellaser.ro\/en\/?s={search_term_string}"},"query-input":{"@type":"PropertyValueSpecification","valueRequired":true,"valueName":"search_term_string"}}],"inLanguage":"en-US"},{"@type":"Organization","@id":"https:\/\/apellaser.ro\/en\/#organization","name":"ApelLaser","url":"https:\/\/apellaser.ro\/en\/","logo":{"@type":"ImageObject","inLanguage":"en-US","@id":"https:\/\/apellaser.ro\/en\/#\/schema\/logo\/image\/","url":"https:\/\/apellaser.ro\/wp-content\/uploads\/2023\/08\/logo-apel-laser.png","contentUrl":"https:\/\/apellaser.ro\/wp-content\/uploads\/2023\/08\/logo-apel-laser.png","width":1000,"height":500,"caption":"ApelLaser"},"image":{"@id":"https:\/\/apellaser.ro\/en\/#\/schema\/logo\/image\/"},"sameAs":["https:\/\/www.facebook.com\/apellaser","https:\/\/www.linkedin.com\/company\/apel-laser\/","https:\/\/www.youtube.com\/@APELLASER-di2xf"]}]}},"_links":{"self":[{"href":"https:\/\/apellaser.ro\/en\/wp-json\/wp\/v2\/product\/23871","targetHints":{"allow":["GET"]}}],"collection":[{"href":"https:\/\/apellaser.ro\/en\/wp-json\/wp\/v2\/product"}],"about":[{"href":"https:\/\/apellaser.ro\/en\/wp-json\/wp\/v2\/types\/product"}],"version-history":[{"count":1,"href":"https:\/\/apellaser.ro\/en\/wp-json\/wp\/v2\/product\/23871\/revisions"}],"predecessor-version":[{"id":23876,"href":"https:\/\/apellaser.ro\/en\/wp-json\/wp\/v2\/product\/23871\/revisions\/23876"}],"wp:featuredmedia":[{"embeddable":true,"href":"https:\/\/apellaser.ro\/en\/wp-json\/wp\/v2\/media\/23872"}],"wp:attachment":[{"href":"https:\/\/apellaser.ro\/en\/wp-json\/wp\/v2\/media?parent=23871"}],"wp:term":[{"taxonomy":"product_brand","embeddable":true,"href":"https:\/\/apellaser.ro\/en\/wp-json\/wp\/v2\/product_brand?post=23871"},{"taxonomy":"product_cat","embeddable":true,"href":"https:\/\/apellaser.ro\/en\/wp-json\/wp\/v2\/product_cat?post=23871"},{"taxonomy":"product_tag","embeddable":true,"href":"https:\/\/apellaser.ro\/en\/wp-json\/wp\/v2\/product_tag?post=23871"}],"curies":[{"name":"wp","href":"https:\/\/api.w.org\/{rel}","templated":true}]}}