{"id":23579,"date":"2023-09-19T10:39:19","date_gmt":"2023-09-19T07:39:19","guid":{"rendered":"https:\/\/apellaser.ro\/product\/high-power-pulsed-generators-for-reliable-magnetron-sputtering\/"},"modified":"2025-11-07T13:10:45","modified_gmt":"2025-11-07T11:10:45","slug":"high-power-pulsed-generators-for-reliable-magnetron-sputtering","status":"publish","type":"product","link":"https:\/\/apellaser.ro\/en\/product\/high-power-pulsed-generators-for-reliable-magnetron-sputtering\/","title":{"rendered":"High Power Pulsed Generators for Reliable Magnetron Sputtering"},"content":{"rendered":"<h3 data-start=\"509\" data-end=\"526\">Why HiPiMS<\/h3>\n<ul data-start=\"527\" data-end=\"834\">\n<li data-start=\"527\" data-end=\"585\">\n<p data-start=\"529\" data-end=\"585\">Improved film density and adhesion;<\/p>\n<\/li>\n<li data-start=\"586\" data-end=\"624\">\n<p data-start=\"588\" data-end=\"624\">Enhanced coating uniformity;<\/p>\n<\/li>\n<li data-start=\"625\" data-end=\"683\">\n<p data-start=\"627\" data-end=\"683\">Precise control of film thickness and structure;<\/p>\n<\/li>\n<li data-start=\"684\" data-end=\"737\">\n<p data-start=\"686\" data-end=\"737\">Reduced substrate damage;<\/p>\n<\/li>\n<li data-start=\"738\" data-end=\"800\">\n<p data-start=\"740\" data-end=\"800\">High energy efficiency and reduced process costs;<\/p>\n<\/li>\n<li data-start=\"801\" data-end=\"834\">\n<p data-start=\"803\" data-end=\"834\">Lower environmental impact.<\/p>\n<\/li>\n<\/ul>\n<hr data-start=\"836\" data-end=\"839\">\n<h3 data-start=\"841\" data-end=\"872\"><strong data-start=\"845\" data-end=\"872\">General Features<\/strong><\/h3>\n<ul data-start=\"873\" data-end=\"1080\">\n<li data-start=\"873\" data-end=\"926\">\n<p data-start=\"875\" data-end=\"926\">Available only together with the power supply;<\/p>\n<\/li>\n<li data-start=\"927\" data-end=\"968\">\n<p data-start=\"929\" data-end=\"968\">Adjustable maximum voltage (\u2264 1200 V);<\/p>\n<\/li>\n<li data-start=\"969\" data-end=\"1018\">\n<p data-start=\"971\" data-end=\"1018\">Customizable pulse duration (2 \u00b5s \u2013 DC);<\/p>\n<\/li>\n<li data-start=\"1019\" data-end=\"1050\">\n<p data-start=\"1021\" data-end=\"1050\">Plug-and-play configuration;<\/p>\n<\/li>\n<li data-start=\"1051\" data-end=\"1080\">\n<p data-start=\"1053\" data-end=\"1080\">Active arc control.<\/p>\n<\/li>\n<\/ul>\n<hr data-start=\"1082\" data-end=\"1085\">\n<h3 data-start=\"1087\" data-end=\"1136\"><strong data-start=\"1091\" data-end=\"1136\">Technical Specifications \u2013 HiPulse 110M Series<\/strong><\/h3>\n<ul data-start=\"1137\" data-end=\"1755\">\n<li data-start=\"1137\" data-end=\"1188\">\n<p data-start=\"1139\" data-end=\"1188\"><strong data-start=\"1139\" data-end=\"1164\">Power supply:<\/strong> 230 V, 60 Hz \u00b110%, PE<\/p>\n<\/li>\n<li data-start=\"1189\" data-end=\"1226\">\n<p data-start=\"1191\" data-end=\"1226\"><strong data-start=\"1191\" data-end=\"1218\">DC input power:<\/strong> 1 W \u2013 600 W<\/p>\n<\/li>\n<li data-start=\"1227\" data-end=\"1275\">\n<p data-start=\"1229\" data-end=\"1275\"><strong data-start=\"1229\" data-end=\"1258\">DC input voltage<\/strong>: 50 V \u2013 1200 V<\/p>\n<\/li>\n<li data-start=\"1276\" data-end=\"1318\">\n<p data-start=\"1278\" data-end=\"1318\"><strong data-start=\"1278\" data-end=\"1305\">DC input current:<\/strong> 1 mA \u2013 1000 mA (max.)<\/p>\n<\/li>\n<li data-start=\"1319\" data-end=\"1367\">\n<p data-start=\"1321\" data-end=\"1367\"><strong data-start=\"1321\" data-end=\"1352\">Putere de ie\u0219ire \u00een impuls:<\/strong> 60 kW (v\u00e2rf)<\/p>\n<\/li>\n<li data-start=\"1368\" data-end=\"1420\">\n<p data-start=\"1370\" data-end=\"1420\"><strong data-start=\"1370\" data-end=\"1403\">DC input voltage:<\/strong> 50 V \u2013 1200 V<\/p>\n<\/li>\n<li data-start=\"1421\" data-end=\"1468\">\n<p data-start=\"1423\" data-end=\"1468\"><strong data-start=\"1423\" data-end=\"1454\">Pulse output power:<\/strong> 60 kW (peak)<\/p>\n<\/li>\n<li data-start=\"1469\" data-end=\"1498\">\n<p data-start=\"1471\" data-end=\"1498\"><strong data-start=\"1471\" data-end=\"1489\">Pulse duration:<\/strong> \u2265 2 \u00b5s<\/p>\n<\/li>\n<li data-start=\"1499\" data-end=\"1548\">\n<p data-start=\"1501\" data-end=\"1548\"><strong data-start=\"1501\" data-end=\"1530\">Operating frequency:<\/strong> 100 Hz \u2013 10 kHz<\/p>\n<\/li>\n<li data-start=\"1549\" data-end=\"1605\">\n<p data-start=\"1551\" data-end=\"1605\"><strong data-start=\"1551\" data-end=\"1576\">User interface:<\/strong> Touchscreen display<\/p>\n<\/li>\n<li data-start=\"1606\" data-end=\"1669\">\n<p data-start=\"1608\" data-end=\"1669\"><strong data-start=\"1608\" data-end=\"1650\">Voltage monitoring output (pulse):<\/strong> BNC, 12 V (max.)<\/p>\n<\/li>\n<li data-start=\"1670\" data-end=\"1730\">\n<p data-start=\"1672\" data-end=\"1730\"><strong data-start=\"1672\" data-end=\"1712\">Current monitoring output (pulse)<\/strong>: BNC, 3 V (max.)<\/p>\n<\/li>\n<li data-start=\"1731\" data-end=\"1755\">\n<p data-start=\"1733\" data-end=\"1755\"><strong data-start=\"1733\" data-end=\"1746\">Weight:<\/strong> &lt; 9 kg<\/p>\n<\/li>\n<\/ul>\n<hr data-start=\"1757\" data-end=\"1760\">\n<h3 data-start=\"1762\" data-end=\"1812\"><strong data-start=\"1766\" data-end=\"1812\">Environmental Specifications \u2013 HiPulse 110M Series<\/strong><\/h3>\n<ul data-start=\"1813\" data-end=\"2044\">\n<li data-start=\"1813\" data-end=\"1865\">\n<p data-start=\"1815\" data-end=\"1865\"><strong data-start=\"1815\" data-end=\"1842\">Operating temperature:<\/strong> +5 \u00b0C to +40 \u00b0C<\/p>\n<\/li>\n<li data-start=\"1866\" data-end=\"1922\">\n<p data-start=\"1868\" data-end=\"1922\"><strong data-start=\"1868\" data-end=\"1898\">Storage temperature:<\/strong> \u201325 \u00b0C to +55 \u00b0C<\/p>\n<\/li>\n<li data-start=\"1923\" data-end=\"1976\">\n<p data-start=\"1925\" data-end=\"1976\"><strong data-start=\"1925\" data-end=\"1948\">Relative humidity:<\/strong> max. 85%, non-condensing <\/p>\n<\/li>\n<li data-start=\"1977\" data-end=\"2012\">\n<p data-start=\"1979\" data-end=\"2012\"><strong data-start=\"1979\" data-end=\"1990\">Cooling:<\/strong> air-cooled<\/p>\n<\/li>\n<li data-start=\"2013\" data-end=\"2044\">\n<p data-start=\"2015\" data-end=\"2044\"><strong data-start=\"2015\" data-end=\"2032\">Compliance:<\/strong> CE marked<\/p>\n<\/li>\n<\/ul>\n","protected":false},"excerpt":{"rendered":"<p><strong data-start=\"413\" data-end=\"485\">HiPulse Series: Innovation in High-Power Magnetron Sputtering<\/strong><br data-start=\"485\" data-end=\"488\">The &#8220;HiPulse Series&#8221; product family represents a significant advancement in the field of High-Power Impulse Magnetron Sputtering (HiPiMS) generators. This series was designed by a team of engineers experienced in high-voltage fast gas discharges, with the mission of providing a reliable solution for researchers in the field of magnetron sputtering. <\/p>\n<p><strong>Resources:<\/strong><\/p>\n<p><a style=\"margin-bottom: 20px !important;\" href=\"https:\/\/apellaser.ro\/wp-content\/uploads\/2025\/11\/Brosura-HiPulse.pdf\"><button class=\"buton-resurse\">Brochure<\/button><\/a><\/p>\n","protected":false},"featured_media":27573,"template":"","meta":[],"product_brand":[],"product_cat":[2199,2200,2818],"product_tag":[3565],"class_list":{"0":"post-23579","1":"product","2":"type-product","3":"status-publish","4":"has-post-thumbnail","6":"product_cat-custom-solutions-en","7":"product_cat-laboratory-equipment","8":"product_cat-systems-for-synthesis-purification-sample-preparation","9":"product_tag-high-power-generator","10":"pa_aplicatii-industrii-microelectronics","11":"pa_aplicatii-industrii-nanotechnology","12":"pa_aplicatii-industrii-optical-industry","13":"pa_aplicatii-industrii-physics","14":"pa_aplicatii-industrii-scientific-research","15":"pa_aplicatii-industrii-semiconductor-industry-en-3","16":"pa_frecventa-impulsului-50-hz-to-10-khz","17":"pa_greutate-8-5-kg-en","18":"pa_producator-apel-laser-en","20":"first","21":"instock","22":"product-type-simple"},"yoast_head":"<!-- This site is optimized with the Yoast SEO plugin v27.4 - https:\/\/yoast.com\/product\/yoast-seo-wordpress\/ -->\n<title>Generator High-Power Impulse Magnetron Sputtering (HiPiMS)<\/title>\n<meta name=\"description\" content=\"Discover the HiPulse Series, a high-power HiPiMS generator designed for research in the field of magnetron sputtering.\" \/>\n<meta name=\"robots\" content=\"index, follow, max-snippet:-1, max-image-preview:large, max-video-preview:-1\" \/>\n<link rel=\"canonical\" href=\"https:\/\/apellaser.ro\/en\/product\/high-power-pulsed-generators-for-reliable-magnetron-sputtering\/\" \/>\n<meta property=\"og:locale\" content=\"en_US\" \/>\n<meta property=\"og:type\" content=\"article\" \/>\n<meta property=\"og:title\" content=\"Generator High-Power Impulse Magnetron Sputtering (HiPiMS)\" \/>\n<meta property=\"og:description\" content=\"Discover the HiPulse Series, a high-power HiPiMS generator designed for research in the field of magnetron sputtering.\" \/>\n<meta property=\"og:url\" content=\"https:\/\/apellaser.ro\/en\/product\/high-power-pulsed-generators-for-reliable-magnetron-sputtering\/\" \/>\n<meta property=\"og:site_name\" content=\"APEL LASER\" \/>\n<meta property=\"article:publisher\" content=\"https:\/\/www.facebook.com\/apellaser\" \/>\n<meta property=\"article:modified_time\" content=\"2025-11-07T11:10:45+00:00\" \/>\n<meta property=\"og:image\" content=\"https:\/\/apellaser.ro\/wp-content\/uploads\/2023\/09\/HiPulse-2-scaled.webp\" \/>\n\t<meta property=\"og:image:width\" content=\"2560\" \/>\n\t<meta property=\"og:image:height\" content=\"1920\" \/>\n\t<meta property=\"og:image:type\" content=\"image\/webp\" \/>\n<meta name=\"twitter:card\" content=\"summary_large_image\" \/>\n<meta name=\"twitter:label1\" content=\"Est. reading time\" \/>\n\t<meta name=\"twitter:data1\" content=\"2 minutes\" \/>\n<script type=\"application\/ld+json\" class=\"yoast-schema-graph\">{\"@context\":\"https:\\\/\\\/schema.org\",\"@graph\":[{\"@type\":\"WebPage\",\"@id\":\"https:\\\/\\\/apellaser.ro\\\/en\\\/product\\\/high-power-pulsed-generators-for-reliable-magnetron-sputtering\\\/\",\"url\":\"https:\\\/\\\/apellaser.ro\\\/en\\\/product\\\/high-power-pulsed-generators-for-reliable-magnetron-sputtering\\\/\",\"name\":\"Generator High-Power Impulse Magnetron Sputtering (HiPiMS)\",\"isPartOf\":{\"@id\":\"https:\\\/\\\/apellaser.ro\\\/en\\\/#website\"},\"primaryImageOfPage\":{\"@id\":\"https:\\\/\\\/apellaser.ro\\\/en\\\/product\\\/high-power-pulsed-generators-for-reliable-magnetron-sputtering\\\/#primaryimage\"},\"image\":{\"@id\":\"https:\\\/\\\/apellaser.ro\\\/en\\\/product\\\/high-power-pulsed-generators-for-reliable-magnetron-sputtering\\\/#primaryimage\"},\"thumbnailUrl\":\"https:\\\/\\\/apellaser.ro\\\/wp-content\\\/uploads\\\/2023\\\/09\\\/HiPulse-2-scaled.webp\",\"datePublished\":\"2023-09-19T07:39:19+00:00\",\"dateModified\":\"2025-11-07T11:10:45+00:00\",\"description\":\"Discover the HiPulse Series, a high-power HiPiMS generator designed for research in the field of magnetron sputtering.\",\"breadcrumb\":{\"@id\":\"https:\\\/\\\/apellaser.ro\\\/en\\\/product\\\/high-power-pulsed-generators-for-reliable-magnetron-sputtering\\\/#breadcrumb\"},\"inLanguage\":\"en-US\",\"potentialAction\":[{\"@type\":\"ReadAction\",\"target\":[\"https:\\\/\\\/apellaser.ro\\\/en\\\/product\\\/high-power-pulsed-generators-for-reliable-magnetron-sputtering\\\/\"]}]},{\"@type\":\"ImageObject\",\"inLanguage\":\"en-US\",\"@id\":\"https:\\\/\\\/apellaser.ro\\\/en\\\/product\\\/high-power-pulsed-generators-for-reliable-magnetron-sputtering\\\/#primaryimage\",\"url\":\"https:\\\/\\\/apellaser.ro\\\/wp-content\\\/uploads\\\/2023\\\/09\\\/HiPulse-2-scaled.webp\",\"contentUrl\":\"https:\\\/\\\/apellaser.ro\\\/wp-content\\\/uploads\\\/2023\\\/09\\\/HiPulse-2-scaled.webp\",\"width\":2560,\"height\":1920,\"caption\":\"Inova\u021bie \u00een Sputtering cu Magnetron de \u00cenalt\u0103 Putere\"},{\"@type\":\"BreadcrumbList\",\"@id\":\"https:\\\/\\\/apellaser.ro\\\/en\\\/product\\\/high-power-pulsed-generators-for-reliable-magnetron-sputtering\\\/#breadcrumb\",\"itemListElement\":[{\"@type\":\"ListItem\",\"position\":1,\"name\":\"Prima pagin\u0103\",\"item\":\"https:\\\/\\\/apellaser.ro\\\/en\\\/\"},{\"@type\":\"ListItem\",\"position\":2,\"name\":\"Products\",\"item\":\"https:\\\/\\\/apellaser.ro\\\/en\\\/shop\\\/\"},{\"@type\":\"ListItem\",\"position\":3,\"name\":\"High Power Pulsed Generators for Reliable Magnetron Sputtering\"}]},{\"@type\":\"WebSite\",\"@id\":\"https:\\\/\\\/apellaser.ro\\\/en\\\/#website\",\"url\":\"https:\\\/\\\/apellaser.ro\\\/en\\\/\",\"name\":\"APEL LASER\",\"description\":\"INOVATIE SI PERFORMANTA DE 20 DE ANI\",\"publisher\":{\"@id\":\"https:\\\/\\\/apellaser.ro\\\/en\\\/#organization\"},\"potentialAction\":[{\"@type\":\"SearchAction\",\"target\":{\"@type\":\"EntryPoint\",\"urlTemplate\":\"https:\\\/\\\/apellaser.ro\\\/en\\\/?s={search_term_string}\"},\"query-input\":{\"@type\":\"PropertyValueSpecification\",\"valueRequired\":true,\"valueName\":\"search_term_string\"}}],\"inLanguage\":\"en-US\"},{\"@type\":\"Organization\",\"@id\":\"https:\\\/\\\/apellaser.ro\\\/en\\\/#organization\",\"name\":\"ApelLaser\",\"url\":\"https:\\\/\\\/apellaser.ro\\\/en\\\/\",\"logo\":{\"@type\":\"ImageObject\",\"inLanguage\":\"en-US\",\"@id\":\"https:\\\/\\\/apellaser.ro\\\/en\\\/#\\\/schema\\\/logo\\\/image\\\/\",\"url\":\"https:\\\/\\\/apellaser.ro\\\/wp-content\\\/uploads\\\/2023\\\/08\\\/logo-apel-laser.png\",\"contentUrl\":\"https:\\\/\\\/apellaser.ro\\\/wp-content\\\/uploads\\\/2023\\\/08\\\/logo-apel-laser.png\",\"width\":1000,\"height\":500,\"caption\":\"ApelLaser\"},\"image\":{\"@id\":\"https:\\\/\\\/apellaser.ro\\\/en\\\/#\\\/schema\\\/logo\\\/image\\\/\"},\"sameAs\":[\"https:\\\/\\\/www.facebook.com\\\/apellaser\",\"https:\\\/\\\/www.linkedin.com\\\/company\\\/apel-laser\\\/\",\"https:\\\/\\\/www.youtube.com\\\/@APELLASER-di2xf\"]}]}<\/script>\n<!-- \/ Yoast SEO plugin. -->","yoast_head_json":{"title":"Generator High-Power Impulse Magnetron Sputtering (HiPiMS)","description":"Discover the HiPulse Series, a high-power HiPiMS generator designed for research in the field of magnetron sputtering.","robots":{"index":"index","follow":"follow","max-snippet":"max-snippet:-1","max-image-preview":"max-image-preview:large","max-video-preview":"max-video-preview:-1"},"canonical":"https:\/\/apellaser.ro\/en\/product\/high-power-pulsed-generators-for-reliable-magnetron-sputtering\/","og_locale":"en_US","og_type":"article","og_title":"Generator High-Power Impulse Magnetron Sputtering (HiPiMS)","og_description":"Discover the HiPulse Series, a high-power HiPiMS generator designed for research in the field of magnetron sputtering.","og_url":"https:\/\/apellaser.ro\/en\/product\/high-power-pulsed-generators-for-reliable-magnetron-sputtering\/","og_site_name":"APEL LASER","article_publisher":"https:\/\/www.facebook.com\/apellaser","article_modified_time":"2025-11-07T11:10:45+00:00","og_image":[{"width":2560,"height":1920,"url":"https:\/\/apellaser.ro\/wp-content\/uploads\/2023\/09\/HiPulse-2-scaled.webp","type":"image\/webp"}],"twitter_card":"summary_large_image","twitter_misc":{"Est. reading time":"2 minutes"},"schema":{"@context":"https:\/\/schema.org","@graph":[{"@type":"WebPage","@id":"https:\/\/apellaser.ro\/en\/product\/high-power-pulsed-generators-for-reliable-magnetron-sputtering\/","url":"https:\/\/apellaser.ro\/en\/product\/high-power-pulsed-generators-for-reliable-magnetron-sputtering\/","name":"Generator High-Power Impulse Magnetron Sputtering (HiPiMS)","isPartOf":{"@id":"https:\/\/apellaser.ro\/en\/#website"},"primaryImageOfPage":{"@id":"https:\/\/apellaser.ro\/en\/product\/high-power-pulsed-generators-for-reliable-magnetron-sputtering\/#primaryimage"},"image":{"@id":"https:\/\/apellaser.ro\/en\/product\/high-power-pulsed-generators-for-reliable-magnetron-sputtering\/#primaryimage"},"thumbnailUrl":"https:\/\/apellaser.ro\/wp-content\/uploads\/2023\/09\/HiPulse-2-scaled.webp","datePublished":"2023-09-19T07:39:19+00:00","dateModified":"2025-11-07T11:10:45+00:00","description":"Discover the HiPulse Series, a high-power HiPiMS generator designed for research in the field of magnetron sputtering.","breadcrumb":{"@id":"https:\/\/apellaser.ro\/en\/product\/high-power-pulsed-generators-for-reliable-magnetron-sputtering\/#breadcrumb"},"inLanguage":"en-US","potentialAction":[{"@type":"ReadAction","target":["https:\/\/apellaser.ro\/en\/product\/high-power-pulsed-generators-for-reliable-magnetron-sputtering\/"]}]},{"@type":"ImageObject","inLanguage":"en-US","@id":"https:\/\/apellaser.ro\/en\/product\/high-power-pulsed-generators-for-reliable-magnetron-sputtering\/#primaryimage","url":"https:\/\/apellaser.ro\/wp-content\/uploads\/2023\/09\/HiPulse-2-scaled.webp","contentUrl":"https:\/\/apellaser.ro\/wp-content\/uploads\/2023\/09\/HiPulse-2-scaled.webp","width":2560,"height":1920,"caption":"Inova\u021bie \u00een Sputtering cu Magnetron de \u00cenalt\u0103 Putere"},{"@type":"BreadcrumbList","@id":"https:\/\/apellaser.ro\/en\/product\/high-power-pulsed-generators-for-reliable-magnetron-sputtering\/#breadcrumb","itemListElement":[{"@type":"ListItem","position":1,"name":"Prima pagin\u0103","item":"https:\/\/apellaser.ro\/en\/"},{"@type":"ListItem","position":2,"name":"Products","item":"https:\/\/apellaser.ro\/en\/shop\/"},{"@type":"ListItem","position":3,"name":"High Power Pulsed Generators for Reliable Magnetron Sputtering"}]},{"@type":"WebSite","@id":"https:\/\/apellaser.ro\/en\/#website","url":"https:\/\/apellaser.ro\/en\/","name":"APEL LASER","description":"INOVATIE SI PERFORMANTA DE 20 DE ANI","publisher":{"@id":"https:\/\/apellaser.ro\/en\/#organization"},"potentialAction":[{"@type":"SearchAction","target":{"@type":"EntryPoint","urlTemplate":"https:\/\/apellaser.ro\/en\/?s={search_term_string}"},"query-input":{"@type":"PropertyValueSpecification","valueRequired":true,"valueName":"search_term_string"}}],"inLanguage":"en-US"},{"@type":"Organization","@id":"https:\/\/apellaser.ro\/en\/#organization","name":"ApelLaser","url":"https:\/\/apellaser.ro\/en\/","logo":{"@type":"ImageObject","inLanguage":"en-US","@id":"https:\/\/apellaser.ro\/en\/#\/schema\/logo\/image\/","url":"https:\/\/apellaser.ro\/wp-content\/uploads\/2023\/08\/logo-apel-laser.png","contentUrl":"https:\/\/apellaser.ro\/wp-content\/uploads\/2023\/08\/logo-apel-laser.png","width":1000,"height":500,"caption":"ApelLaser"},"image":{"@id":"https:\/\/apellaser.ro\/en\/#\/schema\/logo\/image\/"},"sameAs":["https:\/\/www.facebook.com\/apellaser","https:\/\/www.linkedin.com\/company\/apel-laser\/","https:\/\/www.youtube.com\/@APELLASER-di2xf"]}]}},"_links":{"self":[{"href":"https:\/\/apellaser.ro\/en\/wp-json\/wp\/v2\/product\/23579","targetHints":{"allow":["GET"]}}],"collection":[{"href":"https:\/\/apellaser.ro\/en\/wp-json\/wp\/v2\/product"}],"about":[{"href":"https:\/\/apellaser.ro\/en\/wp-json\/wp\/v2\/types\/product"}],"version-history":[{"count":7,"href":"https:\/\/apellaser.ro\/en\/wp-json\/wp\/v2\/product\/23579\/revisions"}],"predecessor-version":[{"id":27603,"href":"https:\/\/apellaser.ro\/en\/wp-json\/wp\/v2\/product\/23579\/revisions\/27603"}],"wp:featuredmedia":[{"embeddable":true,"href":"https:\/\/apellaser.ro\/en\/wp-json\/wp\/v2\/media\/27573"}],"wp:attachment":[{"href":"https:\/\/apellaser.ro\/en\/wp-json\/wp\/v2\/media?parent=23579"}],"wp:term":[{"taxonomy":"product_brand","embeddable":true,"href":"https:\/\/apellaser.ro\/en\/wp-json\/wp\/v2\/product_brand?post=23579"},{"taxonomy":"product_cat","embeddable":true,"href":"https:\/\/apellaser.ro\/en\/wp-json\/wp\/v2\/product_cat?post=23579"},{"taxonomy":"product_tag","embeddable":true,"href":"https:\/\/apellaser.ro\/en\/wp-json\/wp\/v2\/product_tag?post=23579"}],"curies":[{"name":"wp","href":"https:\/\/api.w.org\/{rel}","templated":true}]}}