{"id":21105,"date":"2023-07-23T18:24:33","date_gmt":"2023-07-23T15:24:33","guid":{"rendered":"https:\/\/apellaser.ro\/product\/model-108-l-ozone-monitor-2b-technologies\/"},"modified":"2023-11-24T13:31:36","modified_gmt":"2023-11-24T11:31:36","slug":"model-108-l-ozone-monitor-2b-technologies","status":"publish","type":"product","link":"https:\/\/apellaser.ro\/en\/product\/model-108-l-ozone-monitor-2b-technologies\/","title":{"rendered":"Model 108-L Ozone Monitor\u2122 | 2B Technologies"},"content":{"rendered":"<p><strong>Features &amp; Benefits:<\/strong><\/p>\n<p>Accurate measurement based on UV absorption.<br \/>Low power consumption (~ 2 watt).<br \/>\u200b2-s measurement interval.<br \/>Small footprint (8.7 \u00d7 4.0 \u00d7 3.0 in; 22 \u00d7 10 \u00d7 7.6 cm) for easy integration into ozone systems.<br \/>RS-232 output.<br \/>Analog output (0-2.5 V and 4-20 mA).<br \/>Relay with 2 set points (based on user&#8217;s ozone set points).<br \/>Options: pump, enclosure, Bluetooth, WiFi.<\/p>\n<p><strong>Technical Specifications:<\/strong><\/p>\n<p>Measurement Principle: UV Absorption at 254 nm, single beam.<br \/>Federal Equivalent Method (FEM): Yes, modification to EQOA-0914-218.<br \/>Linear Dynamic Range: 0-100,000 ppb (0-100 ppm).<br \/>Resolution: 0.1 ppb.<br \/>Precision (1\u03c3 for 10-s average; aka rms noise): Greater of 1.5 ppb or 2% of Reading.<br \/>Limit of Detection (10-s average, 2\u03c3): 3.0 ppb.<br \/>Accuracy: Greater of 1.5 ppb or 2% of Reading.<br \/>Measurement Time, Frequency: 2 s, 0.5 Hz.<br \/>Data Averaging Options: 10 s, 1 min, 5 min, 1 hr.<br \/>Data Outputs: RS232; 0-2.5 V, 4-20 mA.<br \/>Power Requirements: 11-28 V DC, nominally 165 mA at 12 V DC, 2 watt.<br \/>Size: 8.7 x 4.0 x 3.0 inches (22 x 10 x 7.6 cm).<br \/>Weight; 2.0 lb (0.89 kg).<br \/>Options: Pump, Enclosure, Bluetooth, WiFi, AQLite packages.<\/p>\n","protected":false},"excerpt":{"rendered":"<p>The Model 108-L provides accurate measurements of ozone in air over a wide dynamic range extending from a few parts-per-billion by volume (ppb) to an upper limit of 100 parts-per-million (ppm) based on the well-established technique of absorption of ultraviolet light at 254 nm. The Model 108-L is designed for integration in the user\u2019s ozone system and makes use of the ozone system\u2019s pump to supply the air sample. The Model 108-L Ozone Monitor is lightweight (2.0 lb, 0.89 kg), has a low power consumption (~2 watt) relative to conventional instruments, and requires minimal maintenance, making it well suited for monitoring of ambient ozone and monitoring\/control of ozone in industrial settings.<\/p>\n<p><strong>Resources:\u00a0<\/strong><\/p>\n<p><a href=\"https:\/\/apellaser.ro\/wp-content\/uploads\/2023\/11\/Brochure-Model-108-L-Ozone-Monitor\u2122.pdf\"><button class=\"buton-resurse\">Brochure<\/button><\/a><a href=\"https:\/\/www.twobtech.com\/model-108-l.html\" target=\"_blank\" rel=\"noopener\"><button class=\"buton-resurse\">Manufacturer<\/button><\/a><\/p>\n","protected":false},"featured_media":21774,"template":"","meta":[],"product_brand":[],"product_cat":[2518,2519,2552],"product_tag":[],"class_list":{"0":"post-21105","1":"product","2":"type-product","3":"status-publish","4":"has-post-thumbnail","6":"product_cat-climate-monitoring-systems","7":"product_cat-gas-monitors","8":"product_cat-ozone-monitors","9":"pa_aplicatii-industrii-atmospheric-chemistry","10":"pa_producator-2b-technologies-en","11":"pa_tip-ozon-industrial-en","13":"first","14":"instock","15":"product-type-simple"},"yoast_head":"<!-- This site is optimized with the Yoast SEO plugin v27.4 - https:\/\/yoast.com\/product\/yoast-seo-wordpress\/ -->\n<title>Model 108-L Ozone Monitor\u2122 | 2B Technologies - APEL LASER<\/title>\n<meta name=\"robots\" content=\"index, follow, max-snippet:-1, max-image-preview:large, max-video-preview:-1\" \/>\n<link rel=\"canonical\" href=\"https:\/\/apellaser.ro\/en\/product\/model-108-l-ozone-monitor-2b-technologies\/\" \/>\n<meta property=\"og:locale\" content=\"en_US\" \/>\n<meta property=\"og:type\" content=\"article\" \/>\n<meta property=\"og:title\" content=\"Model 108-L Ozone Monitor\u2122 | 2B Technologies - APEL LASER\" \/>\n<meta property=\"og:description\" content=\"The Model 108-L provides accurate measurements of ozone in air over a wide dynamic range extending from a few parts-per-billion by volume (ppb) to an upper limit of 100 parts-per-million (ppm) based on the well-established technique of absorption of ultraviolet light at 254 nm. The Model 108-L is designed for integration in the user\u2019s ozone system and makes use of the ozone system\u2019s pump to supply the air sample. The Model 108-L Ozone Monitor is lightweight (2.0 lb, 0.89 kg), has a low power consumption (~2 watt) relative to conventional instruments, and requires minimal maintenance, making it well suited for monitoring of ambient ozone and monitoring\/control of ozone in industrial settings.  Resources:\u00a0  BrochureManufacturer\" \/>\n<meta property=\"og:url\" content=\"https:\/\/apellaser.ro\/en\/product\/model-108-l-ozone-monitor-2b-technologies\/\" \/>\n<meta property=\"og:site_name\" content=\"APEL LASER\" \/>\n<meta property=\"article:publisher\" content=\"https:\/\/www.facebook.com\/apellaser\" \/>\n<meta property=\"article:modified_time\" content=\"2023-11-24T11:31:36+00:00\" \/>\n<meta property=\"og:image\" content=\"https:\/\/apellaser.ro\/wp-content\/uploads\/2023\/07\/Model-108-L-Ozone-Monitor\u2122_.jpeg\" \/>\n\t<meta property=\"og:image:width\" content=\"1100\" \/>\n\t<meta property=\"og:image:height\" content=\"436\" \/>\n\t<meta property=\"og:image:type\" content=\"image\/jpeg\" \/>\n<meta name=\"twitter:card\" content=\"summary_large_image\" \/>\n<meta name=\"twitter:label1\" content=\"Est. reading time\" \/>\n\t<meta name=\"twitter:data1\" content=\"2 minutes\" \/>\n<script type=\"application\/ld+json\" class=\"yoast-schema-graph\">{\"@context\":\"https:\\\/\\\/schema.org\",\"@graph\":[{\"@type\":\"WebPage\",\"@id\":\"https:\\\/\\\/apellaser.ro\\\/en\\\/product\\\/model-108-l-ozone-monitor-2b-technologies\\\/\",\"url\":\"https:\\\/\\\/apellaser.ro\\\/en\\\/product\\\/model-108-l-ozone-monitor-2b-technologies\\\/\",\"name\":\"Model 108-L Ozone Monitor\u2122 | 2B Technologies - APEL LASER\",\"isPartOf\":{\"@id\":\"https:\\\/\\\/apellaser.ro\\\/en\\\/#website\"},\"primaryImageOfPage\":{\"@id\":\"https:\\\/\\\/apellaser.ro\\\/en\\\/product\\\/model-108-l-ozone-monitor-2b-technologies\\\/#primaryimage\"},\"image\":{\"@id\":\"https:\\\/\\\/apellaser.ro\\\/en\\\/product\\\/model-108-l-ozone-monitor-2b-technologies\\\/#primaryimage\"},\"thumbnailUrl\":\"https:\\\/\\\/apellaser.ro\\\/wp-content\\\/uploads\\\/2023\\\/07\\\/Model-108-L-Ozone-Monitor\u2122_.jpeg\",\"datePublished\":\"2023-07-23T15:24:33+00:00\",\"dateModified\":\"2023-11-24T11:31:36+00:00\",\"breadcrumb\":{\"@id\":\"https:\\\/\\\/apellaser.ro\\\/en\\\/product\\\/model-108-l-ozone-monitor-2b-technologies\\\/#breadcrumb\"},\"inLanguage\":\"en-US\",\"potentialAction\":[{\"@type\":\"ReadAction\",\"target\":[\"https:\\\/\\\/apellaser.ro\\\/en\\\/product\\\/model-108-l-ozone-monitor-2b-technologies\\\/\"]}]},{\"@type\":\"ImageObject\",\"inLanguage\":\"en-US\",\"@id\":\"https:\\\/\\\/apellaser.ro\\\/en\\\/product\\\/model-108-l-ozone-monitor-2b-technologies\\\/#primaryimage\",\"url\":\"https:\\\/\\\/apellaser.ro\\\/wp-content\\\/uploads\\\/2023\\\/07\\\/Model-108-L-Ozone-Monitor\u2122_.jpeg\",\"contentUrl\":\"https:\\\/\\\/apellaser.ro\\\/wp-content\\\/uploads\\\/2023\\\/07\\\/Model-108-L-Ozone-Monitor\u2122_.jpeg\",\"width\":1100,\"height\":436},{\"@type\":\"BreadcrumbList\",\"@id\":\"https:\\\/\\\/apellaser.ro\\\/en\\\/product\\\/model-108-l-ozone-monitor-2b-technologies\\\/#breadcrumb\",\"itemListElement\":[{\"@type\":\"ListItem\",\"position\":1,\"name\":\"Prima pagin\u0103\",\"item\":\"https:\\\/\\\/apellaser.ro\\\/en\\\/\"},{\"@type\":\"ListItem\",\"position\":2,\"name\":\"Products\",\"item\":\"https:\\\/\\\/apellaser.ro\\\/en\\\/shop\\\/\"},{\"@type\":\"ListItem\",\"position\":3,\"name\":\"Model 108-L Ozone Monitor\u2122 | 2B Technologies\"}]},{\"@type\":\"WebSite\",\"@id\":\"https:\\\/\\\/apellaser.ro\\\/en\\\/#website\",\"url\":\"https:\\\/\\\/apellaser.ro\\\/en\\\/\",\"name\":\"APEL LASER\",\"description\":\"INOVATIE SI PERFORMANTA DE 20 DE ANI\",\"publisher\":{\"@id\":\"https:\\\/\\\/apellaser.ro\\\/en\\\/#organization\"},\"potentialAction\":[{\"@type\":\"SearchAction\",\"target\":{\"@type\":\"EntryPoint\",\"urlTemplate\":\"https:\\\/\\\/apellaser.ro\\\/en\\\/?s={search_term_string}\"},\"query-input\":{\"@type\":\"PropertyValueSpecification\",\"valueRequired\":true,\"valueName\":\"search_term_string\"}}],\"inLanguage\":\"en-US\"},{\"@type\":\"Organization\",\"@id\":\"https:\\\/\\\/apellaser.ro\\\/en\\\/#organization\",\"name\":\"ApelLaser\",\"url\":\"https:\\\/\\\/apellaser.ro\\\/en\\\/\",\"logo\":{\"@type\":\"ImageObject\",\"inLanguage\":\"en-US\",\"@id\":\"https:\\\/\\\/apellaser.ro\\\/en\\\/#\\\/schema\\\/logo\\\/image\\\/\",\"url\":\"https:\\\/\\\/apellaser.ro\\\/wp-content\\\/uploads\\\/2023\\\/08\\\/logo-apel-laser.png\",\"contentUrl\":\"https:\\\/\\\/apellaser.ro\\\/wp-content\\\/uploads\\\/2023\\\/08\\\/logo-apel-laser.png\",\"width\":1000,\"height\":500,\"caption\":\"ApelLaser\"},\"image\":{\"@id\":\"https:\\\/\\\/apellaser.ro\\\/en\\\/#\\\/schema\\\/logo\\\/image\\\/\"},\"sameAs\":[\"https:\\\/\\\/www.facebook.com\\\/apellaser\",\"https:\\\/\\\/www.linkedin.com\\\/company\\\/apel-laser\\\/\",\"https:\\\/\\\/www.youtube.com\\\/@APELLASER-di2xf\"]}]}<\/script>\n<!-- \/ Yoast SEO plugin. -->","yoast_head_json":{"title":"Model 108-L Ozone Monitor\u2122 | 2B Technologies - APEL LASER","robots":{"index":"index","follow":"follow","max-snippet":"max-snippet:-1","max-image-preview":"max-image-preview:large","max-video-preview":"max-video-preview:-1"},"canonical":"https:\/\/apellaser.ro\/en\/product\/model-108-l-ozone-monitor-2b-technologies\/","og_locale":"en_US","og_type":"article","og_title":"Model 108-L Ozone Monitor\u2122 | 2B Technologies - APEL LASER","og_description":"The Model 108-L provides accurate measurements of ozone in air over a wide dynamic range extending from a few parts-per-billion by volume (ppb) to an upper limit of 100 parts-per-million (ppm) based on the well-established technique of absorption of ultraviolet light at 254 nm. The Model 108-L is designed for integration in the user\u2019s ozone system and makes use of the ozone system\u2019s pump to supply the air sample. The Model 108-L Ozone Monitor is lightweight (2.0 lb, 0.89 kg), has a low power consumption (~2 watt) relative to conventional instruments, and requires minimal maintenance, making it well suited for monitoring of ambient ozone and monitoring\/control of ozone in industrial settings.  Resources:\u00a0  BrochureManufacturer","og_url":"https:\/\/apellaser.ro\/en\/product\/model-108-l-ozone-monitor-2b-technologies\/","og_site_name":"APEL LASER","article_publisher":"https:\/\/www.facebook.com\/apellaser","article_modified_time":"2023-11-24T11:31:36+00:00","og_image":[{"width":1100,"height":436,"url":"https:\/\/apellaser.ro\/wp-content\/uploads\/2023\/07\/Model-108-L-Ozone-Monitor\u2122_.jpeg","type":"image\/jpeg"}],"twitter_card":"summary_large_image","twitter_misc":{"Est. reading time":"2 minutes"},"schema":{"@context":"https:\/\/schema.org","@graph":[{"@type":"WebPage","@id":"https:\/\/apellaser.ro\/en\/product\/model-108-l-ozone-monitor-2b-technologies\/","url":"https:\/\/apellaser.ro\/en\/product\/model-108-l-ozone-monitor-2b-technologies\/","name":"Model 108-L Ozone Monitor\u2122 | 2B Technologies - APEL LASER","isPartOf":{"@id":"https:\/\/apellaser.ro\/en\/#website"},"primaryImageOfPage":{"@id":"https:\/\/apellaser.ro\/en\/product\/model-108-l-ozone-monitor-2b-technologies\/#primaryimage"},"image":{"@id":"https:\/\/apellaser.ro\/en\/product\/model-108-l-ozone-monitor-2b-technologies\/#primaryimage"},"thumbnailUrl":"https:\/\/apellaser.ro\/wp-content\/uploads\/2023\/07\/Model-108-L-Ozone-Monitor\u2122_.jpeg","datePublished":"2023-07-23T15:24:33+00:00","dateModified":"2023-11-24T11:31:36+00:00","breadcrumb":{"@id":"https:\/\/apellaser.ro\/en\/product\/model-108-l-ozone-monitor-2b-technologies\/#breadcrumb"},"inLanguage":"en-US","potentialAction":[{"@type":"ReadAction","target":["https:\/\/apellaser.ro\/en\/product\/model-108-l-ozone-monitor-2b-technologies\/"]}]},{"@type":"ImageObject","inLanguage":"en-US","@id":"https:\/\/apellaser.ro\/en\/product\/model-108-l-ozone-monitor-2b-technologies\/#primaryimage","url":"https:\/\/apellaser.ro\/wp-content\/uploads\/2023\/07\/Model-108-L-Ozone-Monitor\u2122_.jpeg","contentUrl":"https:\/\/apellaser.ro\/wp-content\/uploads\/2023\/07\/Model-108-L-Ozone-Monitor\u2122_.jpeg","width":1100,"height":436},{"@type":"BreadcrumbList","@id":"https:\/\/apellaser.ro\/en\/product\/model-108-l-ozone-monitor-2b-technologies\/#breadcrumb","itemListElement":[{"@type":"ListItem","position":1,"name":"Prima pagin\u0103","item":"https:\/\/apellaser.ro\/en\/"},{"@type":"ListItem","position":2,"name":"Products","item":"https:\/\/apellaser.ro\/en\/shop\/"},{"@type":"ListItem","position":3,"name":"Model 108-L Ozone Monitor\u2122 | 2B Technologies"}]},{"@type":"WebSite","@id":"https:\/\/apellaser.ro\/en\/#website","url":"https:\/\/apellaser.ro\/en\/","name":"APEL LASER","description":"INOVATIE SI PERFORMANTA DE 20 DE ANI","publisher":{"@id":"https:\/\/apellaser.ro\/en\/#organization"},"potentialAction":[{"@type":"SearchAction","target":{"@type":"EntryPoint","urlTemplate":"https:\/\/apellaser.ro\/en\/?s={search_term_string}"},"query-input":{"@type":"PropertyValueSpecification","valueRequired":true,"valueName":"search_term_string"}}],"inLanguage":"en-US"},{"@type":"Organization","@id":"https:\/\/apellaser.ro\/en\/#organization","name":"ApelLaser","url":"https:\/\/apellaser.ro\/en\/","logo":{"@type":"ImageObject","inLanguage":"en-US","@id":"https:\/\/apellaser.ro\/en\/#\/schema\/logo\/image\/","url":"https:\/\/apellaser.ro\/wp-content\/uploads\/2023\/08\/logo-apel-laser.png","contentUrl":"https:\/\/apellaser.ro\/wp-content\/uploads\/2023\/08\/logo-apel-laser.png","width":1000,"height":500,"caption":"ApelLaser"},"image":{"@id":"https:\/\/apellaser.ro\/en\/#\/schema\/logo\/image\/"},"sameAs":["https:\/\/www.facebook.com\/apellaser","https:\/\/www.linkedin.com\/company\/apel-laser\/","https:\/\/www.youtube.com\/@APELLASER-di2xf"]}]}},"_links":{"self":[{"href":"https:\/\/apellaser.ro\/en\/wp-json\/wp\/v2\/product\/21105","targetHints":{"allow":["GET"]}}],"collection":[{"href":"https:\/\/apellaser.ro\/en\/wp-json\/wp\/v2\/product"}],"about":[{"href":"https:\/\/apellaser.ro\/en\/wp-json\/wp\/v2\/types\/product"}],"version-history":[{"count":4,"href":"https:\/\/apellaser.ro\/en\/wp-json\/wp\/v2\/product\/21105\/revisions"}],"predecessor-version":[{"id":23500,"href":"https:\/\/apellaser.ro\/en\/wp-json\/wp\/v2\/product\/21105\/revisions\/23500"}],"wp:featuredmedia":[{"embeddable":true,"href":"https:\/\/apellaser.ro\/en\/wp-json\/wp\/v2\/media\/21774"}],"wp:attachment":[{"href":"https:\/\/apellaser.ro\/en\/wp-json\/wp\/v2\/media?parent=21105"}],"wp:term":[{"taxonomy":"product_brand","embeddable":true,"href":"https:\/\/apellaser.ro\/en\/wp-json\/wp\/v2\/product_brand?post=21105"},{"taxonomy":"product_cat","embeddable":true,"href":"https:\/\/apellaser.ro\/en\/wp-json\/wp\/v2\/product_cat?post=21105"},{"taxonomy":"product_tag","embeddable":true,"href":"https:\/\/apellaser.ro\/en\/wp-json\/wp\/v2\/product_tag?post=21105"}],"curies":[{"name":"wp","href":"https:\/\/api.w.org\/{rel}","templated":true}]}}