{"id":20149,"date":"2023-07-23T18:23:25","date_gmt":"2023-07-23T15:23:25","guid":{"rendered":"https:\/\/apellaser.ro\/product\/fast-mobility-particle-sizer-fmps-3091-tsi\/"},"modified":"2023-11-15T16:41:16","modified_gmt":"2023-11-15T14:41:16","slug":"fast-mobility-particle-sizer-fmps-3091-tsi","status":"publish","type":"product","link":"https:\/\/apellaser.ro\/en\/product\/fast-mobility-particle-sizer-fmps-3091-tsi\/","title":{"rendered":"Fast Mobility Particle Sizer (FMPS) 3091 | TSI"},"content":{"rendered":"<p>The FMPS\u2122 spectrometer uses a unique charging system and multiple electrometers to get signals from all particle sizes simultaneously. The electrometer current data is processed in real-time using a high-performance DSP.<\/p>\n<p><strong>Features &amp; Benefits:<\/strong><\/p>\n<p>Measures particles in the range from 5.6 to 560 nm.<br \/>\nMeasures particle events and size distributions in real time.<br \/>\nOffers 32 channels of resolution.<br \/>\nComprehensive software for data collection and analysis.<br \/>\nSingle-box design for easy transport, set up, and operation.<\/p>\n<p><strong>Technical Specifications:<\/strong><\/p>\n<p>Particle Size Range : 5.6 to 560 nm.<br \/>\nParticle Size Resolution : 16 channels per decade (32 total).<br \/>\nElectrometer Channels: 22.<br \/>\nCharger Operating Mode : Unipolar diffusion charging.<br \/>\nDimensions (H x W x D) 70.4 \u00d7 34.3 \u00d7 43.9 cm, (27.7 \u00d7 13.5 \u00d7 17.3 in.)<br \/>\nWeight : 32 kg (70 lb).<br \/>\nStorage Temperature: -20 to 50\u00b0C<br \/>\nPower Requirements: 100 to 240 VAC, 50\/60 Hz, 250 W.<\/p>\n","protected":false},"excerpt":{"rendered":"<p>Monitor the size distribution of quickly-changing aerosols. Whether outdoors or indoors, some aerosol populations change too rapidly for standard aerosol size measurement techniques. The Fast Mobility Particle Sizer (FMPS) 3091 measures particles in the range from 5.6 to 560 nm with 1 Hz time resolution. This combination of two-decade size distribution and 1 Hz time resolution makes the FMPS a very valuable tool for monitoring particle exposures in rapidly changing environments.<\/p>\n<p><strong>Resources:<\/strong><\/p>\n<p><a href=\"https:\/\/apellaser.ro\/brochure-fmps-fast-mobility-particle-sizer-3091-2\/\"><button class=\"buton-resurse\">Brochure<\/button><\/a><a href=\"https:\/\/tsi.com\/products\/particle-sizers\/particle-size-spectrometers\/fast-mobility-particle-sizer-spectrometer-3091\/\" target=\"_blank\" rel=\"noopener\"><button class=\"buton-resurse\">Manufacturer<\/button><\/a><\/p>\n","protected":false},"featured_media":19907,"template":"","meta":[],"product_brand":[],"product_cat":[2365,2366],"product_tag":[],"class_list":{"0":"post-20149","1":"product","2":"type-product","3":"status-publish","4":"has-post-thumbnail","6":"product_cat-analytical-instruments","7":"product_cat-spectrometers-en-2","8":"pa_aplicatii-industrii-environmental-research","9":"pa_aplicatii-industrii-indoor-air-quality-measurements","10":"pa_aplicatii-industrii-inhalation-toxicology-studies","11":"pa_aplicatii-industrii-nanotechnology-en-2","12":"pa_aplicatii-industrii-particle-formation-and-growth-studies","13":"pa_aplicatii-industrii-pharmaceutical-industry","14":"pa_aplicatii-industrii-quality-control","15":"pa_aplicatii-industrii-urban-canyon-studies","16":"pa_producator-tsi-en","18":"first","19":"instock","20":"product-type-simple"},"yoast_head":"<!-- This site is optimized with the Yoast SEO plugin v27.3 - https:\/\/yoast.com\/product\/yoast-seo-wordpress\/ -->\n<title>Fast Mobility Particle Sizer (FMPS) 3091 | TSI - APEL LASER<\/title>\n<meta name=\"robots\" content=\"index, follow, max-snippet:-1, max-image-preview:large, max-video-preview:-1\" \/>\n<link rel=\"canonical\" href=\"https:\/\/apellaser.ro\/en\/product\/fast-mobility-particle-sizer-fmps-3091-tsi\/\" \/>\n<meta property=\"og:locale\" content=\"en_US\" \/>\n<meta property=\"og:type\" content=\"article\" \/>\n<meta property=\"og:title\" content=\"Fast Mobility Particle Sizer (FMPS) 3091 | TSI - APEL LASER\" \/>\n<meta property=\"og:description\" content=\"Monitor the size distribution of quickly-changing aerosols. Whether outdoors or indoors, some aerosol populations change too rapidly for standard aerosol size measurement techniques. The Fast Mobility Particle Sizer (FMPS) 3091 measures particles in the range from 5.6 to 560 nm with 1 Hz time resolution. This combination of two-decade size distribution and 1 Hz time resolution makes the FMPS a very valuable tool for monitoring particle exposures in rapidly changing environments.  Resources:  BrochureManufacturer\" \/>\n<meta property=\"og:url\" content=\"https:\/\/apellaser.ro\/en\/product\/fast-mobility-particle-sizer-fmps-3091-tsi\/\" \/>\n<meta property=\"og:site_name\" content=\"APEL LASER\" \/>\n<meta property=\"article:publisher\" content=\"https:\/\/www.facebook.com\/apellaser\" \/>\n<meta property=\"article:modified_time\" content=\"2023-11-15T14:41:16+00:00\" \/>\n<meta property=\"og:image\" content=\"https:\/\/apellaser.ro\/wp-content\/uploads\/2023\/07\/Spectrometru-FMPS-FAST-MOBILITY-PARTICLE-SIZER-3091.jpg\" \/>\n\t<meta property=\"og:image:width\" content=\"1200\" \/>\n\t<meta property=\"og:image:height\" content=\"1200\" \/>\n\t<meta property=\"og:image:type\" content=\"image\/jpeg\" \/>\n<meta name=\"twitter:card\" content=\"summary_large_image\" \/>\n<meta name=\"twitter:label1\" content=\"Est. reading time\" \/>\n\t<meta name=\"twitter:data1\" content=\"1 minute\" \/>\n<script type=\"application\/ld+json\" class=\"yoast-schema-graph\">{\"@context\":\"https:\\\/\\\/schema.org\",\"@graph\":[{\"@type\":\"WebPage\",\"@id\":\"https:\\\/\\\/apellaser.ro\\\/en\\\/product\\\/fast-mobility-particle-sizer-fmps-3091-tsi\\\/\",\"url\":\"https:\\\/\\\/apellaser.ro\\\/en\\\/product\\\/fast-mobility-particle-sizer-fmps-3091-tsi\\\/\",\"name\":\"Fast Mobility Particle Sizer (FMPS) 3091 | TSI - APEL LASER\",\"isPartOf\":{\"@id\":\"https:\\\/\\\/apellaser.ro\\\/en\\\/#website\"},\"primaryImageOfPage\":{\"@id\":\"https:\\\/\\\/apellaser.ro\\\/en\\\/product\\\/fast-mobility-particle-sizer-fmps-3091-tsi\\\/#primaryimage\"},\"image\":{\"@id\":\"https:\\\/\\\/apellaser.ro\\\/en\\\/product\\\/fast-mobility-particle-sizer-fmps-3091-tsi\\\/#primaryimage\"},\"thumbnailUrl\":\"https:\\\/\\\/apellaser.ro\\\/wp-content\\\/uploads\\\/2023\\\/07\\\/Spectrometru-FMPS-FAST-MOBILITY-PARTICLE-SIZER-3091.jpg\",\"datePublished\":\"2023-07-23T15:23:25+00:00\",\"dateModified\":\"2023-11-15T14:41:16+00:00\",\"breadcrumb\":{\"@id\":\"https:\\\/\\\/apellaser.ro\\\/en\\\/product\\\/fast-mobility-particle-sizer-fmps-3091-tsi\\\/#breadcrumb\"},\"inLanguage\":\"en-US\",\"potentialAction\":[{\"@type\":\"ReadAction\",\"target\":[\"https:\\\/\\\/apellaser.ro\\\/en\\\/product\\\/fast-mobility-particle-sizer-fmps-3091-tsi\\\/\"]}]},{\"@type\":\"ImageObject\",\"inLanguage\":\"en-US\",\"@id\":\"https:\\\/\\\/apellaser.ro\\\/en\\\/product\\\/fast-mobility-particle-sizer-fmps-3091-tsi\\\/#primaryimage\",\"url\":\"https:\\\/\\\/apellaser.ro\\\/wp-content\\\/uploads\\\/2023\\\/07\\\/Spectrometru-FMPS-FAST-MOBILITY-PARTICLE-SIZER-3091.jpg\",\"contentUrl\":\"https:\\\/\\\/apellaser.ro\\\/wp-content\\\/uploads\\\/2023\\\/07\\\/Spectrometru-FMPS-FAST-MOBILITY-PARTICLE-SIZER-3091.jpg\",\"width\":1200,\"height\":1200},{\"@type\":\"BreadcrumbList\",\"@id\":\"https:\\\/\\\/apellaser.ro\\\/en\\\/product\\\/fast-mobility-particle-sizer-fmps-3091-tsi\\\/#breadcrumb\",\"itemListElement\":[{\"@type\":\"ListItem\",\"position\":1,\"name\":\"Prima pagin\u0103\",\"item\":\"https:\\\/\\\/apellaser.ro\\\/en\\\/\"},{\"@type\":\"ListItem\",\"position\":2,\"name\":\"Products\",\"item\":\"https:\\\/\\\/apellaser.ro\\\/en\\\/shop\\\/\"},{\"@type\":\"ListItem\",\"position\":3,\"name\":\"Fast Mobility Particle Sizer (FMPS) 3091 | TSI\"}]},{\"@type\":\"WebSite\",\"@id\":\"https:\\\/\\\/apellaser.ro\\\/en\\\/#website\",\"url\":\"https:\\\/\\\/apellaser.ro\\\/en\\\/\",\"name\":\"APEL LASER\",\"description\":\"INOVATIE SI PERFORMANTA DE 20 DE ANI\",\"publisher\":{\"@id\":\"https:\\\/\\\/apellaser.ro\\\/en\\\/#organization\"},\"potentialAction\":[{\"@type\":\"SearchAction\",\"target\":{\"@type\":\"EntryPoint\",\"urlTemplate\":\"https:\\\/\\\/apellaser.ro\\\/en\\\/?s={search_term_string}\"},\"query-input\":{\"@type\":\"PropertyValueSpecification\",\"valueRequired\":true,\"valueName\":\"search_term_string\"}}],\"inLanguage\":\"en-US\"},{\"@type\":\"Organization\",\"@id\":\"https:\\\/\\\/apellaser.ro\\\/en\\\/#organization\",\"name\":\"ApelLaser\",\"url\":\"https:\\\/\\\/apellaser.ro\\\/en\\\/\",\"logo\":{\"@type\":\"ImageObject\",\"inLanguage\":\"en-US\",\"@id\":\"https:\\\/\\\/apellaser.ro\\\/en\\\/#\\\/schema\\\/logo\\\/image\\\/\",\"url\":\"https:\\\/\\\/apellaser.ro\\\/wp-content\\\/uploads\\\/2023\\\/08\\\/logo-apel-laser.png\",\"contentUrl\":\"https:\\\/\\\/apellaser.ro\\\/wp-content\\\/uploads\\\/2023\\\/08\\\/logo-apel-laser.png\",\"width\":1000,\"height\":500,\"caption\":\"ApelLaser\"},\"image\":{\"@id\":\"https:\\\/\\\/apellaser.ro\\\/en\\\/#\\\/schema\\\/logo\\\/image\\\/\"},\"sameAs\":[\"https:\\\/\\\/www.facebook.com\\\/apellaser\",\"https:\\\/\\\/www.linkedin.com\\\/company\\\/apel-laser\\\/\",\"https:\\\/\\\/www.youtube.com\\\/@APELLASER-di2xf\"]}]}<\/script>\n<!-- \/ Yoast SEO plugin. -->","yoast_head_json":{"title":"Fast Mobility Particle Sizer (FMPS) 3091 | TSI - APEL LASER","robots":{"index":"index","follow":"follow","max-snippet":"max-snippet:-1","max-image-preview":"max-image-preview:large","max-video-preview":"max-video-preview:-1"},"canonical":"https:\/\/apellaser.ro\/en\/product\/fast-mobility-particle-sizer-fmps-3091-tsi\/","og_locale":"en_US","og_type":"article","og_title":"Fast Mobility Particle Sizer (FMPS) 3091 | TSI - APEL LASER","og_description":"Monitor the size distribution of quickly-changing aerosols. Whether outdoors or indoors, some aerosol populations change too rapidly for standard aerosol size measurement techniques. The Fast Mobility Particle Sizer (FMPS) 3091 measures particles in the range from 5.6 to 560 nm with 1 Hz time resolution. This combination of two-decade size distribution and 1 Hz time resolution makes the FMPS a very valuable tool for monitoring particle exposures in rapidly changing environments.  Resources:  BrochureManufacturer","og_url":"https:\/\/apellaser.ro\/en\/product\/fast-mobility-particle-sizer-fmps-3091-tsi\/","og_site_name":"APEL LASER","article_publisher":"https:\/\/www.facebook.com\/apellaser","article_modified_time":"2023-11-15T14:41:16+00:00","og_image":[{"width":1200,"height":1200,"url":"https:\/\/apellaser.ro\/wp-content\/uploads\/2023\/07\/Spectrometru-FMPS-FAST-MOBILITY-PARTICLE-SIZER-3091.jpg","type":"image\/jpeg"}],"twitter_card":"summary_large_image","twitter_misc":{"Est. reading time":"1 minute"},"schema":{"@context":"https:\/\/schema.org","@graph":[{"@type":"WebPage","@id":"https:\/\/apellaser.ro\/en\/product\/fast-mobility-particle-sizer-fmps-3091-tsi\/","url":"https:\/\/apellaser.ro\/en\/product\/fast-mobility-particle-sizer-fmps-3091-tsi\/","name":"Fast Mobility Particle Sizer (FMPS) 3091 | TSI - APEL LASER","isPartOf":{"@id":"https:\/\/apellaser.ro\/en\/#website"},"primaryImageOfPage":{"@id":"https:\/\/apellaser.ro\/en\/product\/fast-mobility-particle-sizer-fmps-3091-tsi\/#primaryimage"},"image":{"@id":"https:\/\/apellaser.ro\/en\/product\/fast-mobility-particle-sizer-fmps-3091-tsi\/#primaryimage"},"thumbnailUrl":"https:\/\/apellaser.ro\/wp-content\/uploads\/2023\/07\/Spectrometru-FMPS-FAST-MOBILITY-PARTICLE-SIZER-3091.jpg","datePublished":"2023-07-23T15:23:25+00:00","dateModified":"2023-11-15T14:41:16+00:00","breadcrumb":{"@id":"https:\/\/apellaser.ro\/en\/product\/fast-mobility-particle-sizer-fmps-3091-tsi\/#breadcrumb"},"inLanguage":"en-US","potentialAction":[{"@type":"ReadAction","target":["https:\/\/apellaser.ro\/en\/product\/fast-mobility-particle-sizer-fmps-3091-tsi\/"]}]},{"@type":"ImageObject","inLanguage":"en-US","@id":"https:\/\/apellaser.ro\/en\/product\/fast-mobility-particle-sizer-fmps-3091-tsi\/#primaryimage","url":"https:\/\/apellaser.ro\/wp-content\/uploads\/2023\/07\/Spectrometru-FMPS-FAST-MOBILITY-PARTICLE-SIZER-3091.jpg","contentUrl":"https:\/\/apellaser.ro\/wp-content\/uploads\/2023\/07\/Spectrometru-FMPS-FAST-MOBILITY-PARTICLE-SIZER-3091.jpg","width":1200,"height":1200},{"@type":"BreadcrumbList","@id":"https:\/\/apellaser.ro\/en\/product\/fast-mobility-particle-sizer-fmps-3091-tsi\/#breadcrumb","itemListElement":[{"@type":"ListItem","position":1,"name":"Prima pagin\u0103","item":"https:\/\/apellaser.ro\/en\/"},{"@type":"ListItem","position":2,"name":"Products","item":"https:\/\/apellaser.ro\/en\/shop\/"},{"@type":"ListItem","position":3,"name":"Fast Mobility Particle Sizer (FMPS) 3091 | TSI"}]},{"@type":"WebSite","@id":"https:\/\/apellaser.ro\/en\/#website","url":"https:\/\/apellaser.ro\/en\/","name":"APEL LASER","description":"INOVATIE SI PERFORMANTA DE 20 DE ANI","publisher":{"@id":"https:\/\/apellaser.ro\/en\/#organization"},"potentialAction":[{"@type":"SearchAction","target":{"@type":"EntryPoint","urlTemplate":"https:\/\/apellaser.ro\/en\/?s={search_term_string}"},"query-input":{"@type":"PropertyValueSpecification","valueRequired":true,"valueName":"search_term_string"}}],"inLanguage":"en-US"},{"@type":"Organization","@id":"https:\/\/apellaser.ro\/en\/#organization","name":"ApelLaser","url":"https:\/\/apellaser.ro\/en\/","logo":{"@type":"ImageObject","inLanguage":"en-US","@id":"https:\/\/apellaser.ro\/en\/#\/schema\/logo\/image\/","url":"https:\/\/apellaser.ro\/wp-content\/uploads\/2023\/08\/logo-apel-laser.png","contentUrl":"https:\/\/apellaser.ro\/wp-content\/uploads\/2023\/08\/logo-apel-laser.png","width":1000,"height":500,"caption":"ApelLaser"},"image":{"@id":"https:\/\/apellaser.ro\/en\/#\/schema\/logo\/image\/"},"sameAs":["https:\/\/www.facebook.com\/apellaser","https:\/\/www.linkedin.com\/company\/apel-laser\/","https:\/\/www.youtube.com\/@APELLASER-di2xf"]}]}},"_links":{"self":[{"href":"https:\/\/apellaser.ro\/en\/wp-json\/wp\/v2\/product\/20149","targetHints":{"allow":["GET"]}}],"collection":[{"href":"https:\/\/apellaser.ro\/en\/wp-json\/wp\/v2\/product"}],"about":[{"href":"https:\/\/apellaser.ro\/en\/wp-json\/wp\/v2\/types\/product"}],"version-history":[{"count":2,"href":"https:\/\/apellaser.ro\/en\/wp-json\/wp\/v2\/product\/20149\/revisions"}],"predecessor-version":[{"id":21910,"href":"https:\/\/apellaser.ro\/en\/wp-json\/wp\/v2\/product\/20149\/revisions\/21910"}],"wp:featuredmedia":[{"embeddable":true,"href":"https:\/\/apellaser.ro\/en\/wp-json\/wp\/v2\/media\/19907"}],"wp:attachment":[{"href":"https:\/\/apellaser.ro\/en\/wp-json\/wp\/v2\/media?parent=20149"}],"wp:term":[{"taxonomy":"product_brand","embeddable":true,"href":"https:\/\/apellaser.ro\/en\/wp-json\/wp\/v2\/product_brand?post=20149"},{"taxonomy":"product_cat","embeddable":true,"href":"https:\/\/apellaser.ro\/en\/wp-json\/wp\/v2\/product_cat?post=20149"},{"taxonomy":"product_tag","embeddable":true,"href":"https:\/\/apellaser.ro\/en\/wp-json\/wp\/v2\/product_tag?post=20149"}],"curies":[{"name":"wp","href":"https:\/\/api.w.org\/{rel}","templated":true}]}}